{"id":452295,"date":"2023-06-26T13:08:14","date_gmt":"2023-06-26T17:08:14","guid":{"rendered":"https:\/\/influencesport.ca\/?post_type=product&#038;p=452295"},"modified":"2025-01-28T11:21:30","modified_gmt":"2025-01-28T16:21:30","slug":"casquette-23","status":"publish","type":"product","link":"https:\/\/influencesport.ca\/en\/produit\/casquette-23\/","title":{"rendered":"Casquette Adidas Fusion"},"content":{"rendered":"","protected":false},"excerpt":{"rendered":"<p><img loading=\"lazy\" decoding=\"async\" class=\"alignnone size-full wp-image-452297\" src=\"https:\/\/influencesport.ca\/wp-content\/uploads\/2023\/06\/Casquette-Adidas.jpg\" alt=\"\" width=\"392\" height=\"88\" srcset=\"https:\/\/influencesport.ca\/wp-content\/uploads\/2023\/06\/Casquette-Adidas.jpg 392w, https:\/\/influencesport.ca\/wp-content\/uploads\/2023\/06\/Casquette-Adidas-300x67.jpg 300w\" sizes=\"(max-width: 392px) 100vw, 392px\" \/><\/p>\n<p>1. Choisir les items, les grandeurs et la quantit\u00e9 que vous d\u00e9sirez.<br \/>\n2. Ajouter les items \u00e0 votre panier.<br \/>\n3. Lorsque vous avez termin\u00e9 votre magasinage, cliquez sur Passer la commande.<br \/>\n4. S&#8217;il s&#8217;agit de votre premi\u00e8re commande, vous allez devoir remplir les champs obligatoires afin de cr\u00e9er votre compte en ligne.<br \/>\n5. Il y a deux m\u00e9thodes de livraisons disponibles, la r\u00e9cup\u00e9ration chez Influence Sport ou la livraison \u00e0 domicile.<br \/>\n<strong>6. Il est donc important de mettre le nom de la personne qui doit r\u00e9cup\u00e9rer la commande dans les Informations de la commande (directives de livraison).<\/strong><br \/>\n7. Vous pouvez payer par Paypal, Visa ou Mastercard.<br \/>\n8. Une fois le paiement s\u00e9curis\u00e9 effectu\u00e9 vous serez redirig\u00e9s vers notre site o\u00f9 vous aurez votre confirmation de commande.<\/p>\n<p>En tout temps, vous pouvez <a href=\"\/contact\">nous rejoindre<\/a> si vous avez des questions. \u00c0 noter que les v\u00eatements sont non \u00e9changeables et non remboursables, car il s&#8217;agit de v\u00eatements personnalis\u00e9s.<\/p>\n","protected":false},"featured_media":452296,"template":"","meta":{"_et_pb_use_builder":"","_et_pb_old_content":"","_et_gb_content_width":""},"product_brand":[],"product_cat":[1063],"product_tag":[],"class_list":{"0":"post-452295","1":"product","2":"type-product","3":"status-publish","4":"has-post-thumbnail","6":"product_cat-collection-fusion-de-lotbiniere","7":"product_shipping_class-ecole-organisation","9":"first","10":"instock","11":"taxable","12":"shipping-taxable","13":"purchasable","14":"product-type-variable"},"tiered_pricing_type":"fixed","tiered_pricing_fixed_rules":[],"tiered_pricing_product_settings":{"layout":"default","base_unit_name":{"singular":null,"plural":null},"default_variation":null},"tiered_pricing_minimum_quantity":null,"tiered_pricing_roles_data":[],"tiered_pricing_percentage_rules":[],"_links":{"self":[{"href":"https:\/\/influencesport.ca\/en\/wp-json\/wp\/v2\/product\/452295","targetHints":{"allow":["GET"]}}],"collection":[{"href":"https:\/\/influencesport.ca\/en\/wp-json\/wp\/v2\/product"}],"about":[{"href":"https:\/\/influencesport.ca\/en\/wp-json\/wp\/v2\/types\/product"}],"wp:featuredmedia":[{"embeddable":true,"href":"https:\/\/influencesport.ca\/en\/wp-json\/wp\/v2\/media\/452296"}],"wp:attachment":[{"href":"https:\/\/influencesport.ca\/en\/wp-json\/wp\/v2\/media?parent=452295"}],"wp:term":[{"taxonomy":"product_brand","embeddable":true,"href":"https:\/\/influencesport.ca\/en\/wp-json\/wp\/v2\/product_brand?post=452295"},{"taxonomy":"product_cat","embeddable":true,"href":"https:\/\/influencesport.ca\/en\/wp-json\/wp\/v2\/product_cat?post=452295"},{"taxonomy":"product_tag","embeddable":true,"href":"https:\/\/influencesport.ca\/en\/wp-json\/wp\/v2\/product_tag?post=452295"}],"curies":[{"name":"wp","href":"https:\/\/api.w.org\/{rel}","templated":true}]}}