{"id":450046,"date":"2023-04-29T00:52:38","date_gmt":"2023-04-29T04:52:38","guid":{"rendered":"https:\/\/influencesport.ca\/?post_type=product&#038;p=450046"},"modified":"2026-03-10T16:29:49","modified_gmt":"2026-03-10T20:29:49","slug":"puma-protege-tibia-ultra-light-2","status":"publish","type":"product","link":"https:\/\/influencesport.ca\/en\/produit\/puma-protege-tibia-ultra-light-2\/","title":{"rendered":"Puma Prot\u00e8ge-Tibia Ultra Light"},"content":{"rendered":"","protected":false},"excerpt":{"rendered":"<p>D\u00e9tails sur le produit : 030874-03<\/p>\n<p><span>La collection PUMA Shinguard r\u00e9pond aux besoins de tous les joueurs en offrant un large choix d&#8217;ajustements qui restent tous fid\u00e8les aux principes fondamentaux de protection et d&#8217;ajustement tout en restant l\u00e9gers, flexibles et sans restriction \u00e0 l&#8217;agilit\u00e9, au rythme et au mouvement du jeu de football moderne.<\/span><\/p>\n<p><span>Prot\u00e9gez-vous sans compromettre votre libert\u00e9 de mouvement avec ces chevill\u00e8res de football l\u00e9g\u00e8res ULTRA. Solides, l\u00e9g\u00e8res et r\u00e9sistantes aux chocs, vous pouvez vous lancer dans les plaquages \u200b\u200ben toute confiance.<\/span><\/p>\n","protected":false},"featured_media":564462,"template":"","meta":{"_et_pb_use_builder":"","_et_pb_old_content":"","_et_gb_content_width":""},"product_brand":[],"product_cat":[1374,1054],"product_tag":[],"class_list":{"0":"post-450046","1":"product","2":"type-product","3":"status-publish","4":"has-post-thumbnail","6":"product_cat-avec-chevillieres-proteges-tibias","7":"product_cat-proteges-tibias","9":"first","10":"instock","11":"taxable","12":"shipping-taxable","13":"purchasable","14":"product-type-variable"},"tiered_pricing_type":"fixed","tiered_pricing_fixed_rules":[],"tiered_pricing_product_settings":{"layout":"default","base_unit_name":{"singular":null,"plural":null},"default_variation":null},"tiered_pricing_minimum_quantity":null,"tiered_pricing_roles_data":[],"tiered_pricing_percentage_rules":[],"_links":{"self":[{"href":"https:\/\/influencesport.ca\/en\/wp-json\/wp\/v2\/product\/450046","targetHints":{"allow":["GET"]}}],"collection":[{"href":"https:\/\/influencesport.ca\/en\/wp-json\/wp\/v2\/product"}],"about":[{"href":"https:\/\/influencesport.ca\/en\/wp-json\/wp\/v2\/types\/product"}],"wp:featuredmedia":[{"embeddable":true,"href":"https:\/\/influencesport.ca\/en\/wp-json\/wp\/v2\/media\/564462"}],"wp:attachment":[{"href":"https:\/\/influencesport.ca\/en\/wp-json\/wp\/v2\/media?parent=450046"}],"wp:term":[{"taxonomy":"product_brand","embeddable":true,"href":"https:\/\/influencesport.ca\/en\/wp-json\/wp\/v2\/product_brand?post=450046"},{"taxonomy":"product_cat","embeddable":true,"href":"https:\/\/influencesport.ca\/en\/wp-json\/wp\/v2\/product_cat?post=450046"},{"taxonomy":"product_tag","embeddable":true,"href":"https:\/\/influencesport.ca\/en\/wp-json\/wp\/v2\/product_tag?post=450046"}],"curies":[{"name":"wp","href":"https:\/\/api.w.org\/{rel}","templated":true}]}}