{"id":449586,"date":"2023-04-20T00:56:37","date_gmt":"2023-04-20T04:56:37","guid":{"rendered":"https:\/\/influencesport.ca\/?post_type=product&#038;p=449586"},"modified":"2026-04-07T13:21:43","modified_gmt":"2026-04-07T17:21:43","slug":"adidas-sock-vi-royal","status":"publish","type":"product","link":"https:\/\/influencesport.ca\/en\/produit\/adidas-sock-vi-royal\/","title":{"rendered":"Adidas Sock VI Royal"},"content":{"rendered":"","protected":false},"excerpt":{"rendered":"<p><strong>D\u00e9tails sur le produit : GB4213<\/strong><\/p>\n<p>Montrez vos comp\u00e9tences avec ces chaussettes de football adidas. Leur tissu doux est l\u00e9g\u00e8rement extensible pour maintenir vos prot\u00e8ge-tibias en place. La compression au niveau de la vo\u00fbte plantaire et de la cheville vous assure de rester confortable et soutenu \u00e0 chaque sprint.<\/p>\n","protected":false},"featured_media":485744,"template":"","meta":{"_et_pb_use_builder":"","_et_pb_old_content":"","_et_gb_content_width":""},"product_brand":[],"product_cat":[1049],"product_tag":[],"class_list":{"0":"post-449586","1":"product","2":"type-product","3":"status-publish","4":"has-post-thumbnail","6":"product_cat-bas-soccer","8":"first","9":"instock","10":"taxable","11":"shipping-taxable","12":"purchasable","13":"product-type-variable"},"tiered_pricing_type":"fixed","tiered_pricing_fixed_rules":[],"tiered_pricing_product_settings":{"layout":"default","base_unit_name":{"singular":null,"plural":null},"default_variation":null},"tiered_pricing_minimum_quantity":null,"tiered_pricing_roles_data":[],"tiered_pricing_percentage_rules":[],"_links":{"self":[{"href":"https:\/\/influencesport.ca\/en\/wp-json\/wp\/v2\/product\/449586","targetHints":{"allow":["GET"]}}],"collection":[{"href":"https:\/\/influencesport.ca\/en\/wp-json\/wp\/v2\/product"}],"about":[{"href":"https:\/\/influencesport.ca\/en\/wp-json\/wp\/v2\/types\/product"}],"wp:featuredmedia":[{"embeddable":true,"href":"https:\/\/influencesport.ca\/en\/wp-json\/wp\/v2\/media\/485744"}],"wp:attachment":[{"href":"https:\/\/influencesport.ca\/en\/wp-json\/wp\/v2\/media?parent=449586"}],"wp:term":[{"taxonomy":"product_brand","embeddable":true,"href":"https:\/\/influencesport.ca\/en\/wp-json\/wp\/v2\/product_brand?post=449586"},{"taxonomy":"product_cat","embeddable":true,"href":"https:\/\/influencesport.ca\/en\/wp-json\/wp\/v2\/product_cat?post=449586"},{"taxonomy":"product_tag","embeddable":true,"href":"https:\/\/influencesport.ca\/en\/wp-json\/wp\/v2\/product_tag?post=449586"}],"curies":[{"name":"wp","href":"https:\/\/api.w.org\/{rel}","templated":true}]}}