{"id":449360,"date":"2023-04-11T01:02:19","date_gmt":"2023-04-11T05:02:19","guid":{"rendered":"https:\/\/influencesport.ca\/?post_type=product&#038;p=449360"},"modified":"2026-02-15T14:01:55","modified_gmt":"2026-02-15T19:01:55","slug":"adidas-tiro-pro-ball","status":"publish","type":"product","link":"https:\/\/influencesport.ca\/en\/produit\/adidas-tiro-pro-ball\/","title":{"rendered":"Adidas Tiro Pro Ball"},"content":{"rendered":"","protected":false},"excerpt":{"rendered":"<p><strong>D\u00e9tails sur le produit : HT2428<\/strong><\/p>\n<p>UN BALLON DE MATCH PRO POUR LES PRO BALLERS.<br \/>\nLes meilleures \u00e9quipes ont besoin des meilleurs ballons de match. C&#8217;est l\u00e0 qu&#8217;intervient ce ballon de football de match adidas Tiro Pro. Il adopte le design traditionnel \u00e0 32 panneaux et est estampill\u00e9 de la note la plus \u00e9lev\u00e9e de la FIFA, vous savez donc que c&#8217;est la vraie affaire. La surface textur\u00e9e et la liaison sans couture TSBE offrent un toucher uniforme, une meilleure adh\u00e9rence et une consommation d&#8217;eau r\u00e9duite, afin que vous puissiez vous concentrer sur un jeu sans distraction.<\/p>\n","protected":false},"featured_media":449993,"template":"","meta":{"_et_pb_use_builder":"","_et_pb_old_content":"","_et_gb_content_width":""},"product_brand":[],"product_cat":[43],"product_tag":[],"class_list":{"0":"post-449360","1":"product","2":"type-product","3":"status-publish","4":"has-post-thumbnail","6":"product_cat-ballons","8":"first","9":"instock","10":"taxable","11":"shipping-taxable","12":"purchasable","13":"product-type-variable"},"tiered_pricing_type":"fixed","tiered_pricing_fixed_rules":[],"tiered_pricing_product_settings":{"layout":"default","base_unit_name":{"singular":null,"plural":null},"default_variation":null},"tiered_pricing_minimum_quantity":null,"tiered_pricing_roles_data":[],"tiered_pricing_percentage_rules":[],"_links":{"self":[{"href":"https:\/\/influencesport.ca\/en\/wp-json\/wp\/v2\/product\/449360","targetHints":{"allow":["GET"]}}],"collection":[{"href":"https:\/\/influencesport.ca\/en\/wp-json\/wp\/v2\/product"}],"about":[{"href":"https:\/\/influencesport.ca\/en\/wp-json\/wp\/v2\/types\/product"}],"wp:featuredmedia":[{"embeddable":true,"href":"https:\/\/influencesport.ca\/en\/wp-json\/wp\/v2\/media\/449993"}],"wp:attachment":[{"href":"https:\/\/influencesport.ca\/en\/wp-json\/wp\/v2\/media?parent=449360"}],"wp:term":[{"taxonomy":"product_brand","embeddable":true,"href":"https:\/\/influencesport.ca\/en\/wp-json\/wp\/v2\/product_brand?post=449360"},{"taxonomy":"product_cat","embeddable":true,"href":"https:\/\/influencesport.ca\/en\/wp-json\/wp\/v2\/product_cat?post=449360"},{"taxonomy":"product_tag","embeddable":true,"href":"https:\/\/influencesport.ca\/en\/wp-json\/wp\/v2\/product_tag?post=449360"}],"curies":[{"name":"wp","href":"https:\/\/api.w.org\/{rel}","templated":true}]}}