{"id":449167,"date":"2023-04-04T00:57:05","date_gmt":"2023-04-04T04:57:05","guid":{"rendered":"https:\/\/influencesport.ca\/?post_type=product&#038;p=449167"},"modified":"2026-04-11T15:56:39","modified_gmt":"2026-04-11T19:56:39","slug":"nike-matchfit","status":"publish","type":"product","link":"https:\/\/influencesport.ca\/en\/produit\/nike-matchfit\/","title":{"rendered":"Nike Bas Matchfit"},"content":{"rendered":"","protected":false},"excerpt":{"rendered":"<p><strong>D\u00e9tails sur le produit : CV1956-100<\/strong><\/p>\n<p>Les chaussettes Nike MatchFit ont \u00e9t\u00e9 con\u00e7ues pour offrir un maximum de confort. Le tissu anti-transpiration permet de garder vos pieds au sec, tandis que la bande ajust\u00e9e et l&#8217;amorti offrent un maintien optimal lorsque vous jouez.<\/p>\n<p>Tissu anti-transpiration pour rester au sec et offrir un maximum de confort \u00e0 vos pieds.<br \/>\nAmorti au niveau des zones d&#8217;usure pour une meilleure absorption des chocs lorsque vous courez.<br \/>\nBande ajust\u00e9e enveloppant le milieu du pied pour une bonne sensation de maintien.<\/p>\n<ul>\n<li>Forme anatomique gauche\/droite<\/li>\n<li>92\u00a0% polyester \/ 5\u00a0% coton \/ 3\u00a0% \u00e9lasthanne<\/li>\n<li>Lavable en machine<\/li>\n<li>Import\u00e9<\/li>\n<\/ul>\n","protected":false},"featured_media":449522,"template":"","meta":{"_et_pb_use_builder":"","_et_pb_old_content":"","_et_gb_content_width":""},"product_brand":[],"product_cat":[1049],"product_tag":[],"class_list":{"0":"post-449167","1":"product","2":"type-product","3":"status-publish","4":"has-post-thumbnail","6":"product_cat-bas-soccer","8":"first","9":"instock","10":"taxable","11":"shipping-taxable","12":"purchasable","13":"product-type-variable"},"tiered_pricing_type":"fixed","tiered_pricing_fixed_rules":[],"tiered_pricing_product_settings":{"layout":"default","base_unit_name":{"singular":null,"plural":null},"default_variation":null},"tiered_pricing_minimum_quantity":null,"tiered_pricing_roles_data":[],"tiered_pricing_percentage_rules":[],"_links":{"self":[{"href":"https:\/\/influencesport.ca\/en\/wp-json\/wp\/v2\/product\/449167","targetHints":{"allow":["GET"]}}],"collection":[{"href":"https:\/\/influencesport.ca\/en\/wp-json\/wp\/v2\/product"}],"about":[{"href":"https:\/\/influencesport.ca\/en\/wp-json\/wp\/v2\/types\/product"}],"wp:featuredmedia":[{"embeddable":true,"href":"https:\/\/influencesport.ca\/en\/wp-json\/wp\/v2\/media\/449522"}],"wp:attachment":[{"href":"https:\/\/influencesport.ca\/en\/wp-json\/wp\/v2\/media?parent=449167"}],"wp:term":[{"taxonomy":"product_brand","embeddable":true,"href":"https:\/\/influencesport.ca\/en\/wp-json\/wp\/v2\/product_brand?post=449167"},{"taxonomy":"product_cat","embeddable":true,"href":"https:\/\/influencesport.ca\/en\/wp-json\/wp\/v2\/product_cat?post=449167"},{"taxonomy":"product_tag","embeddable":true,"href":"https:\/\/influencesport.ca\/en\/wp-json\/wp\/v2\/product_tag?post=449167"}],"curies":[{"name":"wp","href":"https:\/\/api.w.org\/{rel}","templated":true}]}}