{"id":448595,"date":"2023-04-01T00:57:03","date_gmt":"2023-04-01T04:57:03","guid":{"rendered":"https:\/\/influencesport.ca\/?post_type=product&#038;p=448595"},"modified":"2025-03-29T16:32:10","modified_gmt":"2025-03-29T20:32:10","slug":"nike-ballon-pitch-training-3","status":"publish","type":"product","link":"https:\/\/influencesport.ca\/en\/produit\/nike-ballon-pitch-training-3\/","title":{"rendered":"Nike Pitch Training"},"content":{"rendered":"","protected":false},"excerpt":{"rendered":"<p><strong>D\u00e9tails sur le produit : CU8034-720<\/strong><\/p>\n<p>Le ballon de football Nike Pitch Training est une conception durable con\u00e7ue pour les s\u00e9ances d&#8217;entra\u00eenement et l&#8217;am\u00e9lioration de votre jeu de jambes. Les graphismes \u00e0 contraste \u00e9lev\u00e9 permettent de voir plus facilement le ballon dans les airs ou au sol.<\/p>\n<ul>\n<li>Le bo\u00eetier lisse et durable a une sensation constante.<\/li>\n<li>Les graphismes \u00e0 contraste \u00e9lev\u00e9 facilitent le suivi du ballon.<\/li>\n<li>La vessie en caoutchouc aide \u00e0 maintenir la pression et la forme de l&#8217;air.<\/li>\n<li>Conception \u00e0 12 panneaux<\/li>\n<li>60 % caoutchouc\/15 % polyur\u00e9thane\/13 % polyester\/12 % EVA<\/li>\n<li>Import\u00e9<\/li>\n<\/ul>\n<p>&nbsp;<\/p>\n","protected":false},"featured_media":561414,"template":"","meta":{"_et_pb_use_builder":"","_et_pb_old_content":"","_et_gb_content_width":""},"product_brand":[],"product_cat":[43],"product_tag":[],"class_list":{"0":"post-448595","1":"product","2":"type-product","3":"status-publish","4":"has-post-thumbnail","6":"product_cat-ballons","8":"first","9":"outofstock","10":"taxable","11":"shipping-taxable","12":"product-type-variable"},"tiered_pricing_type":"fixed","tiered_pricing_fixed_rules":[],"tiered_pricing_product_settings":{"layout":"default","base_unit_name":{"singular":null,"plural":null},"default_variation":null},"tiered_pricing_minimum_quantity":null,"tiered_pricing_roles_data":[],"tiered_pricing_percentage_rules":[],"_links":{"self":[{"href":"https:\/\/influencesport.ca\/en\/wp-json\/wp\/v2\/product\/448595","targetHints":{"allow":["GET"]}}],"collection":[{"href":"https:\/\/influencesport.ca\/en\/wp-json\/wp\/v2\/product"}],"about":[{"href":"https:\/\/influencesport.ca\/en\/wp-json\/wp\/v2\/types\/product"}],"wp:featuredmedia":[{"embeddable":true,"href":"https:\/\/influencesport.ca\/en\/wp-json\/wp\/v2\/media\/561414"}],"wp:attachment":[{"href":"https:\/\/influencesport.ca\/en\/wp-json\/wp\/v2\/media?parent=448595"}],"wp:term":[{"taxonomy":"product_brand","embeddable":true,"href":"https:\/\/influencesport.ca\/en\/wp-json\/wp\/v2\/product_brand?post=448595"},{"taxonomy":"product_cat","embeddable":true,"href":"https:\/\/influencesport.ca\/en\/wp-json\/wp\/v2\/product_cat?post=448595"},{"taxonomy":"product_tag","embeddable":true,"href":"https:\/\/influencesport.ca\/en\/wp-json\/wp\/v2\/product_tag?post=448595"}],"curies":[{"name":"wp","href":"https:\/\/api.w.org\/{rel}","templated":true}]}}