{"id":448440,"date":"2023-03-28T00:55:17","date_gmt":"2023-03-28T04:55:17","guid":{"rendered":"https:\/\/influencesport.ca\/?post_type=product&#038;p=448440"},"modified":"2026-01-30T16:28:52","modified_gmt":"2026-01-30T21:28:52","slug":"team-issue-polo-men-gris","status":"publish","type":"product","link":"https:\/\/influencesport.ca\/en\/produit\/team-issue-polo-men-gris\/","title":{"rendered":"Team Issue Polo Men&#8217;s"},"content":{"rendered":"","protected":false},"excerpt":{"rendered":"<p><strong>D\u00e9tails sur le produit : HS8919<\/strong><\/p>\n<p>\u2022 Corps 100 % polyester interlock recycl\u00e9.<br \/>\n\u2022 Panneau d&#8217;\u00e9paulement en maille d&#8217;ing\u00e9nierie recycl\u00e9e et<br \/>\ngoussets aux aisselles.<br \/>\n\u2022 Conception de bandes blanches le long des \u00e9paules.<br \/>\n\u2022 Logo adidas thermocoll\u00e9.<br \/>\n\u2022 Coupe r\u00e9guli\u00e8re<\/p>\n","protected":false},"featured_media":448511,"template":"","meta":{"_et_pb_use_builder":"","_et_pb_old_content":"","_et_gb_content_width":""},"product_brand":[],"product_cat":[1791,20],"product_tag":[],"class_list":{"0":"post-448440","1":"product","2":"type-product","3":"status-publish","4":"has-post-thumbnail","6":"product_cat-polo","7":"product_cat-vetements","9":"first","10":"instock","11":"taxable","12":"shipping-taxable","13":"purchasable","14":"product-type-variable"},"tiered_pricing_type":"fixed","tiered_pricing_fixed_rules":[],"tiered_pricing_product_settings":{"layout":"default","base_unit_name":{"singular":null,"plural":null},"default_variation":null},"tiered_pricing_minimum_quantity":null,"tiered_pricing_roles_data":[],"tiered_pricing_percentage_rules":[],"_links":{"self":[{"href":"https:\/\/influencesport.ca\/en\/wp-json\/wp\/v2\/product\/448440","targetHints":{"allow":["GET"]}}],"collection":[{"href":"https:\/\/influencesport.ca\/en\/wp-json\/wp\/v2\/product"}],"about":[{"href":"https:\/\/influencesport.ca\/en\/wp-json\/wp\/v2\/types\/product"}],"wp:featuredmedia":[{"embeddable":true,"href":"https:\/\/influencesport.ca\/en\/wp-json\/wp\/v2\/media\/448511"}],"wp:attachment":[{"href":"https:\/\/influencesport.ca\/en\/wp-json\/wp\/v2\/media?parent=448440"}],"wp:term":[{"taxonomy":"product_brand","embeddable":true,"href":"https:\/\/influencesport.ca\/en\/wp-json\/wp\/v2\/product_brand?post=448440"},{"taxonomy":"product_cat","embeddable":true,"href":"https:\/\/influencesport.ca\/en\/wp-json\/wp\/v2\/product_cat?post=448440"},{"taxonomy":"product_tag","embeddable":true,"href":"https:\/\/influencesport.ca\/en\/wp-json\/wp\/v2\/product_tag?post=448440"}],"curies":[{"name":"wp","href":"https:\/\/api.w.org\/{rel}","templated":true}]}}