{"id":448320,"date":"2023-03-25T01:08:42","date_gmt":"2023-03-25T05:08:42","guid":{"rendered":"https:\/\/influencesport.ca\/?post_type=product&#038;p=448320"},"modified":"2026-04-26T13:03:04","modified_gmt":"2026-04-26T17:03:04","slug":"pure-grip-socks-pro-noir-noir","status":"publish","type":"product","link":"https:\/\/influencesport.ca\/en\/produit\/pure-grip-socks-pro-noir-noir\/","title":{"rendered":"Pure Grip Socks Pro &#8211; Noir\/Noir"},"content":{"rendered":"","protected":false},"excerpt":{"rendered":"<p><strong>D\u00e9tails sur le produit : <\/strong><\/p>\n<p>MAT\u00c9RIAUX PREMIUM AM\u00c9LIOR\u00c9S POUR UNE SENSATION PLUS DOUCE, PLUS D&#8217;\u00c9TIREMENT, UNE \u00c9VACUATION DE L&#8217;HUMIDIT\u00c9 ET UNE RESPIRABILIT\u00c9 AM\u00c9LIOR\u00c9E.<\/p>\n<p>PAS DE GIMMICKS, PAS DE TECHNOLOGIE COMPOS\u00c9E.\u00a0JUSTE DES CHAUSSETTES DE BONNE QUALIT\u00c9, UNE ADH\u00c9RENCE AUX ENDROITS QUE VOUS EN AVEZ LE PLUS BESOIN, \u00c0 UN PRIX JUSTE.<\/p>\n<p>PAS DE B\u00caTISES.\u00a0ADH\u00c9RENCE JUSTE PURE.<\/p>\n<p><strong>INSTRUCTIONS DE LAVAGE LAVAGE<\/strong><br \/>\nEN MACHINE \u00c0 FROID.\u00a0NE PAS JAVELLISER.\u00a0NE PAS UTILISER D&#8217;ADOUCISSANTS.\u00a0S\u00c9CHER \u00c0 L&#8217;AIR LIBRE.<\/p>\n<p><strong>MAT\u00c9RIAUX<\/strong><br \/>\n98% POLYESTER 2% SPANDEX<\/p>\n<p>&nbsp;<\/p>\n","protected":false},"featured_media":448330,"template":"","meta":{"_et_pb_use_builder":"","_et_pb_old_content":"","_et_gb_content_width":""},"product_brand":[],"product_cat":[1406,1049],"product_tag":[],"class_list":{"0":"post-448320","1":"product","2":"type-product","3":"status-publish","4":"has-post-thumbnail","6":"product_cat-bas-grip","7":"product_cat-bas-soccer","9":"first","10":"instock","11":"taxable","12":"shipping-taxable","13":"purchasable","14":"product-type-variable"},"tiered_pricing_type":"fixed","tiered_pricing_fixed_rules":[],"tiered_pricing_product_settings":{"layout":"default","base_unit_name":{"singular":null,"plural":null},"default_variation":null},"tiered_pricing_minimum_quantity":null,"tiered_pricing_roles_data":[],"tiered_pricing_percentage_rules":[],"_links":{"self":[{"href":"https:\/\/influencesport.ca\/en\/wp-json\/wp\/v2\/product\/448320","targetHints":{"allow":["GET"]}}],"collection":[{"href":"https:\/\/influencesport.ca\/en\/wp-json\/wp\/v2\/product"}],"about":[{"href":"https:\/\/influencesport.ca\/en\/wp-json\/wp\/v2\/types\/product"}],"wp:featuredmedia":[{"embeddable":true,"href":"https:\/\/influencesport.ca\/en\/wp-json\/wp\/v2\/media\/448330"}],"wp:attachment":[{"href":"https:\/\/influencesport.ca\/en\/wp-json\/wp\/v2\/media?parent=448320"}],"wp:term":[{"taxonomy":"product_brand","embeddable":true,"href":"https:\/\/influencesport.ca\/en\/wp-json\/wp\/v2\/product_brand?post=448320"},{"taxonomy":"product_cat","embeddable":true,"href":"https:\/\/influencesport.ca\/en\/wp-json\/wp\/v2\/product_cat?post=448320"},{"taxonomy":"product_tag","embeddable":true,"href":"https:\/\/influencesport.ca\/en\/wp-json\/wp\/v2\/product_tag?post=448320"}],"curies":[{"name":"wp","href":"https:\/\/api.w.org\/{rel}","templated":true}]}}