{"id":448298,"date":"2023-03-25T01:07:41","date_gmt":"2023-03-25T05:07:41","guid":{"rendered":"https:\/\/influencesport.ca\/?post_type=product&#038;p=448298"},"modified":"2026-04-19T09:51:50","modified_gmt":"2026-04-19T13:51:50","slug":"nike-mercurial-lite-blanc","status":"publish","type":"product","link":"https:\/\/influencesport.ca\/en\/produit\/nike-mercurial-lite-blanc\/","title":{"rendered":"Nike Mercurial Lite Blanc"},"content":{"rendered":"","protected":false},"excerpt":{"rendered":"<p><strong>D\u00e9tails sur le produit : DN3611-100<\/strong><\/p>\n<p>AMORTI CONFORTABLE.<br \/>\nLes prot\u00e8ge-tibias Nike Mercurial Lite prot\u00e8gent le bas de vos jambes sans vous ralentir. La conception ultra-mince associe une mousse souple et une coque durable pour une diffusion de l&#8217;impact sur le terrain.<\/p>\n<ul>\n<li>La coque \u00e0 profil bas est l\u00e9g\u00e8re et durable.<\/li>\n<li>La mousse souple et perfor\u00e9e aide \u00e0 amortir les chocs.<\/li>\n<li>Les manches extensibles aident \u00e0 maintenir les protections en place et utilisent la technologie Dri-FIT pour \u00e9vacuer la transpiration.<\/li>\n<li>Manche : 65 % polyester\/19 % caoutchouc\/16 % \u00e9lasthanne. Coque : 72 % r\u00e9sine K\/28 % EVA.<\/li>\n<li>Certifi\u00e9 NOCSAE<\/li>\n<li>Lavage des mains<\/li>\n<\/ul>\n","protected":false},"featured_media":448351,"template":"","meta":{"_et_pb_use_builder":"","_et_pb_old_content":"","_et_gb_content_width":""},"product_brand":[],"product_cat":[1054,1375],"product_tag":[],"class_list":{"0":"post-448298","1":"product","2":"type-product","3":"status-publish","4":"has-post-thumbnail","6":"product_cat-proteges-tibias","7":"product_cat-sans-chevilliere-proteges-tibias","9":"first","10":"instock","11":"taxable","12":"shipping-taxable","13":"purchasable","14":"product-type-variable"},"tiered_pricing_type":"fixed","tiered_pricing_fixed_rules":[],"tiered_pricing_product_settings":{"layout":"default","base_unit_name":{"singular":null,"plural":null},"default_variation":null},"tiered_pricing_minimum_quantity":null,"tiered_pricing_roles_data":[],"tiered_pricing_percentage_rules":[],"_links":{"self":[{"href":"https:\/\/influencesport.ca\/en\/wp-json\/wp\/v2\/product\/448298","targetHints":{"allow":["GET"]}}],"collection":[{"href":"https:\/\/influencesport.ca\/en\/wp-json\/wp\/v2\/product"}],"about":[{"href":"https:\/\/influencesport.ca\/en\/wp-json\/wp\/v2\/types\/product"}],"wp:featuredmedia":[{"embeddable":true,"href":"https:\/\/influencesport.ca\/en\/wp-json\/wp\/v2\/media\/448351"}],"wp:attachment":[{"href":"https:\/\/influencesport.ca\/en\/wp-json\/wp\/v2\/media?parent=448298"}],"wp:term":[{"taxonomy":"product_brand","embeddable":true,"href":"https:\/\/influencesport.ca\/en\/wp-json\/wp\/v2\/product_brand?post=448298"},{"taxonomy":"product_cat","embeddable":true,"href":"https:\/\/influencesport.ca\/en\/wp-json\/wp\/v2\/product_cat?post=448298"},{"taxonomy":"product_tag","embeddable":true,"href":"https:\/\/influencesport.ca\/en\/wp-json\/wp\/v2\/product_tag?post=448298"}],"curies":[{"name":"wp","href":"https:\/\/api.w.org\/{rel}","templated":true}]}}