{"id":448036,"date":"2023-03-21T11:05:59","date_gmt":"2023-03-21T15:05:59","guid":{"rendered":"https:\/\/influencesport.ca\/?post_type=product&#038;p=448036"},"modified":"2026-04-01T13:52:39","modified_gmt":"2026-04-01T17:52:39","slug":"chandail-de-pratique-3","status":"publish","type":"product","link":"https:\/\/influencesport.ca\/en\/produit\/chandail-de-pratique-3\/","title":{"rendered":"Chandail de pratique Fusion"},"content":{"rendered":"","protected":false},"excerpt":{"rendered":"<p>1. Choisir les items, les grandeurs et la quantit\u00e9 que vous d\u00e9sirez.<br \/>\n2. Ajouter les items \u00e0 votre panier.<br \/>\n3. Lorsque vous avez termin\u00e9 votre magasinage, cliquez sur Passer la commande.<br \/>\n4. S&#8217;il s&#8217;agit de votre premi\u00e8re commande, vous allez devoir remplir les champs obligatoires afin de cr\u00e9er votre compte en ligne.<br \/>\n5. Il y a deux m\u00e9thodes de livraisons disponibles, la r\u00e9cup\u00e9ration chez Influence Sport ou la livraison \u00e0 domicile.<br \/>\n<strong>6. Il est donc important de mettre le nom de la personne qui doit r\u00e9cup\u00e9rer la commande dans les Informations de la commande (directives de livraison).<\/strong><br \/>\n7. Vous pouvez payer par Paypal, Visa ou Mastercard.<br \/>\n8. Une fois le paiement s\u00e9curis\u00e9 effectu\u00e9 vous serez redirig\u00e9s vers notre site o\u00f9 vous aurez votre confirmation de commande.<\/p>\n<p>En tout temps, vous pouvez <a href=\"\/contact\">nous rejoindre<\/a> si vous avez des questions. \u00c0 noter que les v\u00eatements sont non \u00e9changeables et non remboursables, car il s&#8217;agit de v\u00eatements personnalis\u00e9s.<\/p>\n","protected":false},"featured_media":669344,"template":"","meta":{"_et_pb_use_builder":"","_et_pb_old_content":"","_et_gb_content_width":""},"product_brand":[],"product_cat":[1063],"product_tag":[],"class_list":{"0":"post-448036","1":"product","2":"type-product","3":"status-publish","4":"has-post-thumbnail","6":"product_cat-collection-fusion-de-lotbiniere","7":"product_shipping_class-ringuette-quebec","9":"first","10":"instock","11":"taxable","12":"shipping-taxable","13":"purchasable","14":"product-type-variable"},"tiered_pricing_type":"fixed","tiered_pricing_fixed_rules":[],"tiered_pricing_product_settings":{"layout":"default","base_unit_name":{"singular":null,"plural":null},"default_variation":null},"tiered_pricing_minimum_quantity":null,"tiered_pricing_roles_data":[],"tiered_pricing_percentage_rules":[],"_links":{"self":[{"href":"https:\/\/influencesport.ca\/en\/wp-json\/wp\/v2\/product\/448036","targetHints":{"allow":["GET"]}}],"collection":[{"href":"https:\/\/influencesport.ca\/en\/wp-json\/wp\/v2\/product"}],"about":[{"href":"https:\/\/influencesport.ca\/en\/wp-json\/wp\/v2\/types\/product"}],"wp:featuredmedia":[{"embeddable":true,"href":"https:\/\/influencesport.ca\/en\/wp-json\/wp\/v2\/media\/669344"}],"wp:attachment":[{"href":"https:\/\/influencesport.ca\/en\/wp-json\/wp\/v2\/media?parent=448036"}],"wp:term":[{"taxonomy":"product_brand","embeddable":true,"href":"https:\/\/influencesport.ca\/en\/wp-json\/wp\/v2\/product_brand?post=448036"},{"taxonomy":"product_cat","embeddable":true,"href":"https:\/\/influencesport.ca\/en\/wp-json\/wp\/v2\/product_cat?post=448036"},{"taxonomy":"product_tag","embeddable":true,"href":"https:\/\/influencesport.ca\/en\/wp-json\/wp\/v2\/product_tag?post=448036"}],"curies":[{"name":"wp","href":"https:\/\/api.w.org\/{rel}","templated":true}]}}