{"id":447918,"date":"2023-03-22T01:04:20","date_gmt":"2023-03-22T05:04:20","guid":{"rendered":"https:\/\/influencesport.ca\/?post_type=product&#038;p=447918"},"modified":"2026-02-18T14:32:32","modified_gmt":"2026-02-18T19:32:32","slug":"adidas-performance-bottle-noir","status":"publish","type":"product","link":"https:\/\/influencesport.ca\/en\/produit\/adidas-performance-bottle-noir\/","title":{"rendered":"Adidas Performance Bottle Noir"},"content":{"rendered":"","protected":false},"excerpt":{"rendered":"<p><strong>D\u00e9tails sur le produit : EW4901<\/strong><\/p>\n<p>Restez hydratez sur le terrain avec la gourde A<strong>didas Stadium 750 ml\u00a0<\/strong>. La valve de cette gourde est con\u00e7ue pour permettre un \u00e9coulement fluide et instantan\u00e9 de l&#8217;eau tout en pr\u00e9venant les fuites d&#8217;eau ind\u00e9sirables.<\/p>\n","protected":false},"featured_media":447929,"template":"","meta":{"_et_pb_use_builder":"","_et_pb_old_content":"","_et_gb_content_width":""},"product_brand":[],"product_cat":[1051,1388],"product_tag":[],"class_list":{"0":"post-447918","1":"product","2":"type-product","3":"status-publish","4":"has-post-thumbnail","6":"product_cat-accessoires-divers","7":"product_cat-bouteille","9":"first","10":"instock","11":"taxable","12":"shipping-taxable","13":"purchasable","14":"product-type-simple"},"tiered_pricing_type":"fixed","tiered_pricing_fixed_rules":[],"tiered_pricing_product_settings":{"layout":"default","base_unit_name":{"singular":null,"plural":null},"default_variation":null},"tiered_pricing_minimum_quantity":null,"tiered_pricing_roles_data":[],"tiered_pricing_percentage_rules":[],"_links":{"self":[{"href":"https:\/\/influencesport.ca\/en\/wp-json\/wp\/v2\/product\/447918","targetHints":{"allow":["GET"]}}],"collection":[{"href":"https:\/\/influencesport.ca\/en\/wp-json\/wp\/v2\/product"}],"about":[{"href":"https:\/\/influencesport.ca\/en\/wp-json\/wp\/v2\/types\/product"}],"wp:featuredmedia":[{"embeddable":true,"href":"https:\/\/influencesport.ca\/en\/wp-json\/wp\/v2\/media\/447929"}],"wp:attachment":[{"href":"https:\/\/influencesport.ca\/en\/wp-json\/wp\/v2\/media?parent=447918"}],"wp:term":[{"taxonomy":"product_brand","embeddable":true,"href":"https:\/\/influencesport.ca\/en\/wp-json\/wp\/v2\/product_brand?post=447918"},{"taxonomy":"product_cat","embeddable":true,"href":"https:\/\/influencesport.ca\/en\/wp-json\/wp\/v2\/product_cat?post=447918"},{"taxonomy":"product_tag","embeddable":true,"href":"https:\/\/influencesport.ca\/en\/wp-json\/wp\/v2\/product_tag?post=447918"}],"curies":[{"name":"wp","href":"https:\/\/api.w.org\/{rel}","templated":true}]}}