{"id":447688,"date":"2023-03-15T01:39:51","date_gmt":"2023-03-15T05:39:51","guid":{"rendered":"https:\/\/influencesport.ca\/?post_type=product&#038;p=447688"},"modified":"2025-12-21T10:26:41","modified_gmt":"2025-12-21T15:26:41","slug":"nike-fuel-jug-64oz","status":"publish","type":"product","link":"https:\/\/influencesport.ca\/en\/produit\/nike-fuel-jug-64oz\/","title":{"rendered":"Nike Fuel Jug 64oz"},"content":{"rendered":"","protected":false},"excerpt":{"rendered":"<p><strong>D\u00e9tails sur le produit : N.100.3111.058.64<\/strong><\/p>\n<p>Restez hydrat\u00e9 sur le terrain avec le Nike Fuel Jug 64OZ. L&#8217;isolation l\u00e9g\u00e8re garde les boissons froides.<\/p>\n<p>Plus de d\u00e9tails<\/p>\n<p>Conception \u00e9tanche pour des d\u00e9placements faciles<br \/>\nBec verseur \u00e0 une main pour une ouverture et une consommation faciles<br \/>\nL&#8217;isolation l\u00e9g\u00e8re aide \u00e0 garder les boissons froides<br \/>\nSurface textur\u00e9e et forme effil\u00e9e pour une meilleure adh\u00e9rence<br \/>\nConception ergonomique pour une manipulation facile<br \/>\nsans BPA<br \/>\nMat\u00e9riau\u00a0: 35\u00a0% polypropyl\u00e8ne, 35\u00a0% poly\u00e9thyl\u00e8ne haute densit\u00e9, 9\u00a0% mousse pu, 1\u00a0% silicone<\/p>\n","protected":false},"featured_media":448208,"template":"","meta":{"_et_pb_use_builder":"","_et_pb_old_content":"","_et_gb_content_width":""},"product_brand":[],"product_cat":[1051,1388],"product_tag":[],"class_list":{"0":"post-447688","1":"product","2":"type-product","3":"status-publish","4":"has-post-thumbnail","6":"product_cat-accessoires-divers","7":"product_cat-bouteille","9":"first","10":"instock","11":"taxable","12":"shipping-taxable","13":"purchasable","14":"product-type-simple"},"tiered_pricing_type":"fixed","tiered_pricing_fixed_rules":[],"tiered_pricing_product_settings":{"layout":"default","base_unit_name":{"singular":null,"plural":null},"default_variation":null},"tiered_pricing_minimum_quantity":null,"tiered_pricing_roles_data":[],"tiered_pricing_percentage_rules":[],"_links":{"self":[{"href":"https:\/\/influencesport.ca\/en\/wp-json\/wp\/v2\/product\/447688","targetHints":{"allow":["GET"]}}],"collection":[{"href":"https:\/\/influencesport.ca\/en\/wp-json\/wp\/v2\/product"}],"about":[{"href":"https:\/\/influencesport.ca\/en\/wp-json\/wp\/v2\/types\/product"}],"wp:featuredmedia":[{"embeddable":true,"href":"https:\/\/influencesport.ca\/en\/wp-json\/wp\/v2\/media\/448208"}],"wp:attachment":[{"href":"https:\/\/influencesport.ca\/en\/wp-json\/wp\/v2\/media?parent=447688"}],"wp:term":[{"taxonomy":"product_brand","embeddable":true,"href":"https:\/\/influencesport.ca\/en\/wp-json\/wp\/v2\/product_brand?post=447688"},{"taxonomy":"product_cat","embeddable":true,"href":"https:\/\/influencesport.ca\/en\/wp-json\/wp\/v2\/product_cat?post=447688"},{"taxonomy":"product_tag","embeddable":true,"href":"https:\/\/influencesport.ca\/en\/wp-json\/wp\/v2\/product_tag?post=447688"}],"curies":[{"name":"wp","href":"https:\/\/api.w.org\/{rel}","templated":true}]}}