{"id":447675,"date":"2023-03-15T01:39:07","date_gmt":"2023-03-15T05:39:07","guid":{"rendered":"https:\/\/influencesport.ca\/?post_type=product&#038;p=447675"},"modified":"2026-02-18T14:32:15","modified_gmt":"2026-02-18T19:32:15","slug":"nike-premium-lanyard-mul","status":"publish","type":"product","link":"https:\/\/influencesport.ca\/en\/produit\/nike-premium-lanyard-mul\/","title":{"rendered":"Nike Premium Lanyard Mul"},"content":{"rendered":"","protected":false},"excerpt":{"rendered":"<p><strong>D\u00e9tails sur le produit : N.000.1624.921.NS<\/strong><\/p>\n<p>La boucle d\u00e9tachable de cette lani\u00e8re vous permet de retirer facilement des articles. Clip \u00e0 d\u00e9gagement rapide en mat\u00e9riel durable. 100 % polyester. Disponibles en deux couleurs (noir et rose).<\/p>\n<p>Caract\u00e9ristiques<\/p>\n<ul>\n<li>Cordon<\/li>\n<li>Boucle d\u00e9tachable avec clip \u00e0 d\u00e9gagement rapide<\/li>\n<li>Clip d\u00e9tachable au niveau du cou<\/li>\n<\/ul>\n<p>Mati\u00e8re<\/p>\n<ul>\n<li>Polyester<\/li>\n<\/ul>\n","protected":false},"featured_media":448183,"template":"","meta":{"_et_pb_use_builder":"","_et_pb_old_content":"","_et_gb_content_width":""},"product_brand":[],"product_cat":[1051,1391],"product_tag":[],"class_list":{"0":"post-447675","1":"product","2":"type-product","3":"status-publish","4":"has-post-thumbnail","6":"product_cat-accessoires-divers","7":"product_cat-autres-accessoires","9":"first","10":"instock","11":"taxable","12":"shipping-taxable","13":"purchasable","14":"product-type-simple"},"tiered_pricing_type":"fixed","tiered_pricing_fixed_rules":[],"tiered_pricing_product_settings":{"layout":"default","base_unit_name":{"singular":null,"plural":null},"default_variation":null},"tiered_pricing_minimum_quantity":null,"tiered_pricing_roles_data":[],"tiered_pricing_percentage_rules":[],"_links":{"self":[{"href":"https:\/\/influencesport.ca\/en\/wp-json\/wp\/v2\/product\/447675","targetHints":{"allow":["GET"]}}],"collection":[{"href":"https:\/\/influencesport.ca\/en\/wp-json\/wp\/v2\/product"}],"about":[{"href":"https:\/\/influencesport.ca\/en\/wp-json\/wp\/v2\/types\/product"}],"wp:featuredmedia":[{"embeddable":true,"href":"https:\/\/influencesport.ca\/en\/wp-json\/wp\/v2\/media\/448183"}],"wp:attachment":[{"href":"https:\/\/influencesport.ca\/en\/wp-json\/wp\/v2\/media?parent=447675"}],"wp:term":[{"taxonomy":"product_brand","embeddable":true,"href":"https:\/\/influencesport.ca\/en\/wp-json\/wp\/v2\/product_brand?post=447675"},{"taxonomy":"product_cat","embeddable":true,"href":"https:\/\/influencesport.ca\/en\/wp-json\/wp\/v2\/product_cat?post=447675"},{"taxonomy":"product_tag","embeddable":true,"href":"https:\/\/influencesport.ca\/en\/wp-json\/wp\/v2\/product_tag?post=447675"}],"curies":[{"name":"wp","href":"https:\/\/api.w.org\/{rel}","templated":true}]}}