{"id":447489,"date":"2023-03-11T01:34:58","date_gmt":"2023-03-11T06:34:58","guid":{"rendered":"https:\/\/influencesport.ca\/?post_type=product&#038;p=447489"},"modified":"2026-05-05T09:10:52","modified_gmt":"2026-05-05T13:10:52","slug":"fox-40-sifflet-classic-avec-flexcoil","status":"publish","type":"product","link":"https:\/\/influencesport.ca\/en\/produit\/fox-40-sifflet-classic-avec-flexcoil\/","title":{"rendered":"Fox 40 Sifflet classic avec Flexxcoil"},"content":{"rendered":"","protected":false},"excerpt":{"rendered":"<p>Gardez votre sifflet pr\u00e8s de vous \u00e0 tout moment pendant toute activit\u00e9 avec le confortable sifflet officiel Fox 40 Classic avec Flex Coil.<\/p>\n<p>Caract\u00e9ristiques<br \/>\nLe premier sifflet sans bille de Fox 40.<br \/>\nPlus le coup est dur, plus le son est fort.<br \/>\nSon fiable, coh\u00e9rent et p\u00e9n\u00e9trant.<br \/>\nSoyez entendu au-dessus du bruit ambiant, du rugissement des moteurs, des vagues d\u00e9ferlantes et des vents violents.<br \/>\nLes chambres sont con\u00e7ues pour s&#8217;auto-nettoyer lorsqu&#8217;elles sont immerg\u00e9es dans l&#8217;eau.<br \/>\nAucune pi\u00e8ce mobile susceptible de geler, de se coincer ou de se d\u00e9t\u00e9riorer.<br \/>\nDesign : 3 chambres sans pois.<br \/>\nPuissance sonore : 115 dB.<br \/>\nAttachement : Bobine flexible.<\/p>\n","protected":false},"featured_media":447598,"template":"","meta":{"_et_pb_use_builder":"","_et_pb_old_content":"","_et_gb_content_width":""},"product_brand":[],"product_cat":[1371,1050],"product_tag":[],"class_list":{"0":"post-447489","1":"product","2":"type-product","3":"status-publish","4":"has-post-thumbnail","6":"product_cat-arbitre","7":"product_cat-entraineurs","9":"first","10":"outofstock","11":"taxable","12":"shipping-taxable","13":"purchasable","14":"product-type-simple"},"tiered_pricing_type":"fixed","tiered_pricing_fixed_rules":[],"tiered_pricing_product_settings":{"layout":"default","base_unit_name":{"singular":null,"plural":null},"default_variation":null},"tiered_pricing_minimum_quantity":null,"tiered_pricing_roles_data":[],"tiered_pricing_percentage_rules":[],"_links":{"self":[{"href":"https:\/\/influencesport.ca\/en\/wp-json\/wp\/v2\/product\/447489","targetHints":{"allow":["GET"]}}],"collection":[{"href":"https:\/\/influencesport.ca\/en\/wp-json\/wp\/v2\/product"}],"about":[{"href":"https:\/\/influencesport.ca\/en\/wp-json\/wp\/v2\/types\/product"}],"wp:featuredmedia":[{"embeddable":true,"href":"https:\/\/influencesport.ca\/en\/wp-json\/wp\/v2\/media\/447598"}],"wp:attachment":[{"href":"https:\/\/influencesport.ca\/en\/wp-json\/wp\/v2\/media?parent=447489"}],"wp:term":[{"taxonomy":"product_brand","embeddable":true,"href":"https:\/\/influencesport.ca\/en\/wp-json\/wp\/v2\/product_brand?post=447489"},{"taxonomy":"product_cat","embeddable":true,"href":"https:\/\/influencesport.ca\/en\/wp-json\/wp\/v2\/product_cat?post=447489"},{"taxonomy":"product_tag","embeddable":true,"href":"https:\/\/influencesport.ca\/en\/wp-json\/wp\/v2\/product_tag?post=447489"}],"curies":[{"name":"wp","href":"https:\/\/api.w.org\/{rel}","templated":true}]}}