{"id":446419,"date":"2023-03-04T01:07:08","date_gmt":"2023-03-04T06:07:08","guid":{"rendered":"https:\/\/influencesport.ca\/?post_type=product&#038;p=446419"},"modified":"2026-02-24T14:15:16","modified_gmt":"2026-02-24T19:15:16","slug":"nike-bas-academy","status":"publish","type":"product","link":"https:\/\/influencesport.ca\/en\/produit\/nike-bas-academy\/","title":{"rendered":"Nike Bas Football Academy"},"content":{"rendered":"","protected":false},"excerpt":{"rendered":"<p>UN CONFORT DE MATCH POUR VOS PIEDS.<\/p>\n<p>Les chaussettes Nike Academy sont con\u00e7ues pour vous garder \u00e0 l&#8217;aise pendant le jeu avec un tissu doux qui \u00e9vacue la transpiration avec un soutien de la vo\u00fbte plantaire.<\/p>\n<p>Avantages<\/p>\n<p>La technologie Nike Dri-FIT \u00e9vacue la transpiration de votre peau pour une \u00e9vaporation plus rapide, vous aidant \u00e0 rester au sec et \u00e0 l&#8217;aise.<br \/>\nLe talon et les orteils renforc\u00e9s ajoutent de la durabilit\u00e9 dans les zones \u00e0 forte usure.<br \/>\nUne bande confortable s&#8217;enroule autour de la vo\u00fbte plantaire pour une sensation de soutien.<\/p>\n","protected":false},"featured_media":446527,"template":"","meta":{"_et_pb_use_builder":"","_et_pb_old_content":"","_et_gb_content_width":""},"product_brand":[],"product_cat":[76,1053],"product_tag":[],"class_list":{"0":"post-446419","1":"product","2":"type-product","3":"status-publish","4":"has-post-thumbnail","6":"product_cat-accessoires-nike","7":"product_cat-bas-nike","9":"first","10":"instock","11":"taxable","12":"shipping-taxable","13":"purchasable","14":"product-type-variable"},"tiered_pricing_type":"fixed","tiered_pricing_fixed_rules":[],"tiered_pricing_product_settings":{"layout":"default","base_unit_name":{"singular":null,"plural":null},"default_variation":null},"tiered_pricing_minimum_quantity":null,"tiered_pricing_roles_data":[],"tiered_pricing_percentage_rules":[],"_links":{"self":[{"href":"https:\/\/influencesport.ca\/en\/wp-json\/wp\/v2\/product\/446419","targetHints":{"allow":["GET"]}}],"collection":[{"href":"https:\/\/influencesport.ca\/en\/wp-json\/wp\/v2\/product"}],"about":[{"href":"https:\/\/influencesport.ca\/en\/wp-json\/wp\/v2\/types\/product"}],"wp:featuredmedia":[{"embeddable":true,"href":"https:\/\/influencesport.ca\/en\/wp-json\/wp\/v2\/media\/446527"}],"wp:attachment":[{"href":"https:\/\/influencesport.ca\/en\/wp-json\/wp\/v2\/media?parent=446419"}],"wp:term":[{"taxonomy":"product_brand","embeddable":true,"href":"https:\/\/influencesport.ca\/en\/wp-json\/wp\/v2\/product_brand?post=446419"},{"taxonomy":"product_cat","embeddable":true,"href":"https:\/\/influencesport.ca\/en\/wp-json\/wp\/v2\/product_cat?post=446419"},{"taxonomy":"product_tag","embeddable":true,"href":"https:\/\/influencesport.ca\/en\/wp-json\/wp\/v2\/product_tag?post=446419"}],"curies":[{"name":"wp","href":"https:\/\/api.w.org\/{rel}","templated":true}]}}