{"id":446132,"date":"2023-02-22T01:45:03","date_gmt":"2023-02-22T06:45:03","guid":{"rendered":"https:\/\/influencesport.ca\/?post_type=product&#038;p=446132"},"modified":"2026-04-25T11:19:01","modified_gmt":"2026-04-25T15:19:01","slug":"pure-grip-socks-pro-royal","status":"publish","type":"product","link":"https:\/\/influencesport.ca\/en\/produit\/pure-grip-socks-pro-royal\/","title":{"rendered":"Pure Grip Socks Pro &#8211; Royal"},"content":{"rendered":"","protected":false},"excerpt":{"rendered":"<p><strong>D\u00e9tails sur le produit : <\/strong><\/p>\n<p>ADH\u00c9RENCE PUR.<br \/>\nRIEN DE PLUS.<\/p>\n<ul>\n<li>MAT\u00c9RIAUX PREMIUM AM\u00c9LIOR\u00c9S POUR UNE SENSATION PLUS DOUCE, PLUS D&#8217;\u00c9TIREMENT, UNE \u00c9VACUATION DE L&#8217;HUMIDIT\u00c9 ET UNE RESPIRABILIT\u00c9 AM\u00c9LIOR\u00c9E.<\/li>\n<li>PAS DE GIMMICKS, PAS DE TECHNOLOGIE COMPOS\u00c9E. JUSTE DES CHAUSSETTES DE BONNE QUALIT\u00c9, UNE ADH\u00c9RENCE AUX ENDROITS QUE VOUS EN AVEZ LE PLUS BESOIN, \u00c0 UN PRIX JUSTE.<\/li>\n<li>PAS DE B\u00caTISES. ADH\u00c9RENCE JUSTE PURE.<\/li>\n<\/ul>\n<p><strong>INSTRUCTIONS DE LAVAGE LAVAGE<\/strong><br \/>\nEN MACHINE \u00c0 FROID.\u00a0NE PAS JAVELLISER.\u00a0NE PAS UTILISER D&#8217;ADOUCISSANTS.\u00a0S\u00c9CHER \u00c0 L&#8217;AIR LIBRE.<\/p>\n<p><strong>MAT\u00c9RIAUX<\/strong><br \/>\n98% POLYESTER 2% SPANDEX<\/p>\n<p><img loading=\"lazy\" decoding=\"async\" class=\"alignnone size-full wp-image-446141\" src=\"https:\/\/influencesport.ca\/wp-content\/uploads\/2023\/02\/pure-grip-socks-pro-size-chart.jpg\" alt=\"\" width=\"599\" height=\"104\" srcset=\"https:\/\/influencesport.ca\/wp-content\/uploads\/2023\/02\/pure-grip-socks-pro-size-chart.jpg 599w, https:\/\/influencesport.ca\/wp-content\/uploads\/2023\/02\/pure-grip-socks-pro-size-chart-480x83.jpg 480w\" sizes=\"(min-width: 0px) and (max-width: 480px) 480px, (min-width: 481px) 599px, 100vw\" \/><\/p>\n<p>&nbsp;<\/p>\n","protected":false},"featured_media":446170,"template":"","meta":{"_et_pb_use_builder":"","_et_pb_old_content":"","_et_gb_content_width":""},"product_brand":[],"product_cat":[1406,1049],"product_tag":[],"class_list":{"0":"post-446132","1":"product","2":"type-product","3":"status-publish","4":"has-post-thumbnail","6":"product_cat-bas-grip","7":"product_cat-bas-soccer","9":"first","10":"instock","11":"taxable","12":"shipping-taxable","13":"purchasable","14":"product-type-variable"},"tiered_pricing_type":"fixed","tiered_pricing_fixed_rules":[],"tiered_pricing_product_settings":{"layout":"default","base_unit_name":{"singular":null,"plural":null},"default_variation":null},"tiered_pricing_minimum_quantity":null,"tiered_pricing_roles_data":[],"tiered_pricing_percentage_rules":[],"_links":{"self":[{"href":"https:\/\/influencesport.ca\/en\/wp-json\/wp\/v2\/product\/446132","targetHints":{"allow":["GET"]}}],"collection":[{"href":"https:\/\/influencesport.ca\/en\/wp-json\/wp\/v2\/product"}],"about":[{"href":"https:\/\/influencesport.ca\/en\/wp-json\/wp\/v2\/types\/product"}],"wp:featuredmedia":[{"embeddable":true,"href":"https:\/\/influencesport.ca\/en\/wp-json\/wp\/v2\/media\/446170"}],"wp:attachment":[{"href":"https:\/\/influencesport.ca\/en\/wp-json\/wp\/v2\/media?parent=446132"}],"wp:term":[{"taxonomy":"product_brand","embeddable":true,"href":"https:\/\/influencesport.ca\/en\/wp-json\/wp\/v2\/product_brand?post=446132"},{"taxonomy":"product_cat","embeddable":true,"href":"https:\/\/influencesport.ca\/en\/wp-json\/wp\/v2\/product_cat?post=446132"},{"taxonomy":"product_tag","embeddable":true,"href":"https:\/\/influencesport.ca\/en\/wp-json\/wp\/v2\/product_tag?post=446132"}],"curies":[{"name":"wp","href":"https:\/\/api.w.org\/{rel}","templated":true}]}}