{"id":445820,"date":"2023-02-11T16:15:29","date_gmt":"2023-02-11T21:15:29","guid":{"rendered":"https:\/\/influencesport.ca\/?post_type=product&#038;p=445820"},"modified":"2026-04-18T10:55:18","modified_gmt":"2026-04-18T14:55:18","slug":"adidas-ballon-tiro-competition","status":"publish","type":"product","link":"https:\/\/influencesport.ca\/en\/produit\/adidas-ballon-tiro-competition\/","title":{"rendered":"Adidas Ballon Tiro Comp\u00e9tition"},"content":{"rendered":"","protected":false},"excerpt":{"rendered":"<p class=\"subtitle___9ljbp\"><strong>D\u00e9tails sur le produit : HT2426<\/strong><\/p>\n<p class=\"subtitle___9ljbp\">Ce ballon de match adidas Tiro Competition est con\u00e7u pour les grands matchs de football. B\u00e9n\u00e9ficiant de la notation la plus \u00e9lev\u00e9e de la FIFA, il s&#8217;assure que tu n&#8217;aies jamais \u00e0 te soucier de la qualit\u00e9 du rebond ou de la trajectoire. La surface sans coutures thermosoud\u00e9e assure une trajectoire plus pr\u00e9cise, un meilleur toucher et une absorption d&#8217;eau minimale pour une performance ultime \u00e0 chaque fois.<\/p>\n","protected":false},"featured_media":445866,"template":"","meta":{"_et_pb_use_builder":"","_et_pb_old_content":"","_et_gb_content_width":""},"product_brand":[],"product_cat":[43],"product_tag":[],"class_list":{"0":"post-445820","1":"product","2":"type-product","3":"status-publish","4":"has-post-thumbnail","6":"product_cat-ballons","8":"first","9":"instock","10":"taxable","11":"shipping-taxable","12":"purchasable","13":"product-type-variable"},"tiered_pricing_type":"fixed","tiered_pricing_fixed_rules":[],"tiered_pricing_product_settings":{"layout":"default","base_unit_name":{"singular":null,"plural":null},"default_variation":null},"tiered_pricing_minimum_quantity":null,"tiered_pricing_roles_data":[],"tiered_pricing_percentage_rules":[],"_links":{"self":[{"href":"https:\/\/influencesport.ca\/en\/wp-json\/wp\/v2\/product\/445820","targetHints":{"allow":["GET"]}}],"collection":[{"href":"https:\/\/influencesport.ca\/en\/wp-json\/wp\/v2\/product"}],"about":[{"href":"https:\/\/influencesport.ca\/en\/wp-json\/wp\/v2\/types\/product"}],"wp:featuredmedia":[{"embeddable":true,"href":"https:\/\/influencesport.ca\/en\/wp-json\/wp\/v2\/media\/445866"}],"wp:attachment":[{"href":"https:\/\/influencesport.ca\/en\/wp-json\/wp\/v2\/media?parent=445820"}],"wp:term":[{"taxonomy":"product_brand","embeddable":true,"href":"https:\/\/influencesport.ca\/en\/wp-json\/wp\/v2\/product_brand?post=445820"},{"taxonomy":"product_cat","embeddable":true,"href":"https:\/\/influencesport.ca\/en\/wp-json\/wp\/v2\/product_cat?post=445820"},{"taxonomy":"product_tag","embeddable":true,"href":"https:\/\/influencesport.ca\/en\/wp-json\/wp\/v2\/product_tag?post=445820"}],"curies":[{"name":"wp","href":"https:\/\/api.w.org\/{rel}","templated":true}]}}