{"id":445184,"date":"2023-02-09T01:20:31","date_gmt":"2023-02-09T06:20:31","guid":{"rendered":"https:\/\/influencesport.ca\/?post_type=product&#038;p=445184"},"modified":"2026-03-19T16:53:32","modified_gmt":"2026-03-19T20:53:32","slug":"adidas-2023-mls-club-ball-white-silver-black","status":"publish","type":"product","link":"https:\/\/influencesport.ca\/en\/produit\/adidas-2023-mls-club-ball-white-silver-black\/","title":{"rendered":"Adidas 2023 MLS Club Ball White\/Silver\/Black"},"content":{"rendered":"","protected":false},"excerpt":{"rendered":"<p class=\"gl-vspace\"><strong>D\u00e9tails sur le produit : HZ6915<\/strong><\/p>\n<p class=\"gl-vspace\">Aucun \u00e9v\u00e9nement sportif n&#8217;est plus bruyant qu&#8217;un match de football. C\u00e9l\u00e9brant les hymnes et les chants des fans dans les stades de la MLS, ce ballon adidas affiche des graphismes inspir\u00e9s de posters de musique pour un look grunge. Derri\u00e8re ce design dynamique, la construction cousue \u00e0 la machine et la vessie butyle assurent une durabilit\u00e9 sup\u00e9rieure pour te permettre d&#8217;exploser tous tes records.<\/p>\n<div class=\"gl-accordion__content\">\n<div class=\"bullets___3bsSs\" data-auto-id=\"specifications-section\">\n<ul class=\"gl-list\">\n<li class=\"gl-vspace-bpall-small\">Film 100\u00a0% TPU.<\/li>\n<li class=\"gl-vspace-bpall-small\">Vessie butyle.<\/li>\n<li class=\"gl-vspace-bpall-small\">Cousu \u00e0 la machine.<\/li>\n<\/ul>\n<ul class=\"gl-list\">\n<li class=\"gl-vspace-bpall-small\">Vendu d\u00e9gonfl\u00e9.<\/li>\n<li class=\"gl-vspace-bpall-small\">Couleur du produit : White \/ Black \/ Iron Metallic<\/li>\n<li class=\"gl-vspace-bpall-small\">Code du produit : HZ6915<\/li>\n<\/ul>\n<\/div>\n<\/div>\n","protected":false},"featured_media":445561,"template":"","meta":{"_et_pb_use_builder":"","_et_pb_old_content":"","_et_gb_content_width":""},"product_brand":[],"product_cat":[43],"product_tag":[],"class_list":{"0":"post-445184","1":"product","2":"type-product","3":"status-publish","4":"has-post-thumbnail","6":"product_cat-ballons","8":"first","9":"instock","10":"taxable","11":"shipping-taxable","12":"purchasable","13":"product-type-variable"},"tiered_pricing_type":"fixed","tiered_pricing_fixed_rules":[],"tiered_pricing_product_settings":{"layout":"default","base_unit_name":{"singular":null,"plural":null},"default_variation":null},"tiered_pricing_minimum_quantity":null,"tiered_pricing_roles_data":[],"tiered_pricing_percentage_rules":[],"_links":{"self":[{"href":"https:\/\/influencesport.ca\/en\/wp-json\/wp\/v2\/product\/445184","targetHints":{"allow":["GET"]}}],"collection":[{"href":"https:\/\/influencesport.ca\/en\/wp-json\/wp\/v2\/product"}],"about":[{"href":"https:\/\/influencesport.ca\/en\/wp-json\/wp\/v2\/types\/product"}],"wp:featuredmedia":[{"embeddable":true,"href":"https:\/\/influencesport.ca\/en\/wp-json\/wp\/v2\/media\/445561"}],"wp:attachment":[{"href":"https:\/\/influencesport.ca\/en\/wp-json\/wp\/v2\/media?parent=445184"}],"wp:term":[{"taxonomy":"product_brand","embeddable":true,"href":"https:\/\/influencesport.ca\/en\/wp-json\/wp\/v2\/product_brand?post=445184"},{"taxonomy":"product_cat","embeddable":true,"href":"https:\/\/influencesport.ca\/en\/wp-json\/wp\/v2\/product_cat?post=445184"},{"taxonomy":"product_tag","embeddable":true,"href":"https:\/\/influencesport.ca\/en\/wp-json\/wp\/v2\/product_tag?post=445184"}],"curies":[{"name":"wp","href":"https:\/\/api.w.org\/{rel}","templated":true}]}}