{"id":444729,"date":"2023-02-07T01:09:55","date_gmt":"2023-02-07T06:09:55","guid":{"rendered":"https:\/\/influencesport.ca\/?post_type=product&#038;p=444729"},"modified":"2026-02-21T13:41:49","modified_gmt":"2026-02-21T18:41:49","slug":"adidas-2023-mls-league-nfhs-ball","status":"publish","type":"product","link":"https:\/\/influencesport.ca\/en\/produit\/adidas-2023-mls-league-nfhs-ball\/","title":{"rendered":"Adidas 2023 MLS League NFHS Ball"},"content":{"rendered":"","protected":false},"excerpt":{"rendered":"<p><strong>D\u00e9tails sur le produit : HT9024<\/strong><\/p>\n<p>Aucun \u00e9v\u00e9nement sportif n&#8217;est plus bruyant qu&#8217;un match de football. C\u00e9l\u00e9brant les hymnes et les chants des fans dans les stades de la MLS, ce ballon adidas affiche des graphismes inspir\u00e9s de posters de musique pour un look grunge. Derri\u00e8re ce design dynamique, la construction sans coutures TSBE et la vessie butyle assurent durabilit\u00e9 et pr\u00e9cision. Le badge FIFA Quality garantit une performance ultime sur le terrain.<\/p>\n","protected":false},"featured_media":445261,"template":"","meta":{"_et_pb_use_builder":"","_et_pb_old_content":"","_et_gb_content_width":""},"product_brand":[],"product_cat":[43],"product_tag":[],"class_list":{"0":"post-444729","1":"product","2":"type-product","3":"status-publish","4":"has-post-thumbnail","6":"product_cat-ballons","8":"first","9":"instock","10":"taxable","11":"shipping-taxable","12":"purchasable","13":"product-type-variable"},"tiered_pricing_type":"fixed","tiered_pricing_fixed_rules":[],"tiered_pricing_product_settings":{"layout":"default","base_unit_name":{"singular":null,"plural":null},"default_variation":null},"tiered_pricing_minimum_quantity":null,"tiered_pricing_roles_data":[],"tiered_pricing_percentage_rules":[],"_links":{"self":[{"href":"https:\/\/influencesport.ca\/en\/wp-json\/wp\/v2\/product\/444729","targetHints":{"allow":["GET"]}}],"collection":[{"href":"https:\/\/influencesport.ca\/en\/wp-json\/wp\/v2\/product"}],"about":[{"href":"https:\/\/influencesport.ca\/en\/wp-json\/wp\/v2\/types\/product"}],"wp:featuredmedia":[{"embeddable":true,"href":"https:\/\/influencesport.ca\/en\/wp-json\/wp\/v2\/media\/445261"}],"wp:attachment":[{"href":"https:\/\/influencesport.ca\/en\/wp-json\/wp\/v2\/media?parent=444729"}],"wp:term":[{"taxonomy":"product_brand","embeddable":true,"href":"https:\/\/influencesport.ca\/en\/wp-json\/wp\/v2\/product_brand?post=444729"},{"taxonomy":"product_cat","embeddable":true,"href":"https:\/\/influencesport.ca\/en\/wp-json\/wp\/v2\/product_cat?post=444729"},{"taxonomy":"product_tag","embeddable":true,"href":"https:\/\/influencesport.ca\/en\/wp-json\/wp\/v2\/product_tag?post=444729"}],"curies":[{"name":"wp","href":"https:\/\/api.w.org\/{rel}","templated":true}]}}