{"id":443739,"date":"2023-01-17T01:02:09","date_gmt":"2023-01-17T06:02:09","guid":{"rendered":"https:\/\/influencesport.ca\/?post_type=product&#038;p=443739"},"modified":"2026-04-01T10:54:56","modified_gmt":"2026-04-01T14:54:56","slug":"entrada-22-short-noir-mens","status":"publish","type":"product","link":"https:\/\/influencesport.ca\/en\/produit\/entrada-22-short-noir-mens\/","title":{"rendered":"Entrada 22 Short Noir Men&#8217;s"},"content":{"rendered":"","protected":false},"excerpt":{"rendered":"<p><strong>D\u00e9tails sur le produit : H57504<\/strong><\/p>\n<p>SHORT DE FOOTBALL ANTI-HUMIDIT\u00c9 FABRIQU\u00c9 EN PARTIE AVEC DES MAT\u00c9RIAUX RECYCL\u00c9S.<\/p>\n<p>O\u00f9 que votre journ\u00e9e vous m\u00e8ne, vous \u00eates pr\u00eat dans ce short de football adidas Entrada 22. Ils ont un design \u00e9pur\u00e9 et classique et AEROREADY pour vous garder au sec et au frais. La taille \u00e9lastique r\u00e9glable par cordon assure un ajustement parfait. Fabriqu\u00e9 \u00e0 partir de mat\u00e9riaux 100 % recycl\u00e9s, ce produit ne repr\u00e9sente qu&#8217;une de nos solutions pour contribuer \u00e0 mettre fin aux d\u00e9chets plastiques.<\/p>\n","protected":false},"featured_media":491547,"template":"","meta":{"_et_pb_use_builder":"","_et_pb_old_content":"","_et_gb_content_width":""},"product_brand":[],"product_cat":[20,1377],"product_tag":[],"class_list":{"0":"post-443739","1":"product","2":"type-product","3":"status-publish","4":"has-post-thumbnail","6":"product_cat-vetements","7":"product_cat-shorts-cuissards-vetements","9":"first","10":"instock","11":"taxable","12":"shipping-taxable","13":"purchasable","14":"product-type-variable"},"tiered_pricing_type":"fixed","tiered_pricing_fixed_rules":[],"tiered_pricing_product_settings":{"layout":"default","base_unit_name":{"singular":null,"plural":null},"default_variation":null},"tiered_pricing_minimum_quantity":null,"tiered_pricing_roles_data":[],"tiered_pricing_percentage_rules":[],"_links":{"self":[{"href":"https:\/\/influencesport.ca\/en\/wp-json\/wp\/v2\/product\/443739","targetHints":{"allow":["GET"]}}],"collection":[{"href":"https:\/\/influencesport.ca\/en\/wp-json\/wp\/v2\/product"}],"about":[{"href":"https:\/\/influencesport.ca\/en\/wp-json\/wp\/v2\/types\/product"}],"wp:featuredmedia":[{"embeddable":true,"href":"https:\/\/influencesport.ca\/en\/wp-json\/wp\/v2\/media\/491547"}],"wp:attachment":[{"href":"https:\/\/influencesport.ca\/en\/wp-json\/wp\/v2\/media?parent=443739"}],"wp:term":[{"taxonomy":"product_brand","embeddable":true,"href":"https:\/\/influencesport.ca\/en\/wp-json\/wp\/v2\/product_brand?post=443739"},{"taxonomy":"product_cat","embeddable":true,"href":"https:\/\/influencesport.ca\/en\/wp-json\/wp\/v2\/product_cat?post=443739"},{"taxonomy":"product_tag","embeddable":true,"href":"https:\/\/influencesport.ca\/en\/wp-json\/wp\/v2\/product_tag?post=443739"}],"curies":[{"name":"wp","href":"https:\/\/api.w.org\/{rel}","templated":true}]}}