{"id":425684,"date":"2022-11-16T01:02:25","date_gmt":"2022-11-16T06:02:25","guid":{"rendered":"https:\/\/influencesport.ca\/?post_type=product&#038;p=425684"},"modified":"2026-02-18T14:26:06","modified_gmt":"2026-02-18T19:26:06","slug":"nike-essential-ball-pump-3","status":"publish","type":"product","link":"https:\/\/influencesport.ca\/en\/produit\/nike-essential-ball-pump-3\/","title":{"rendered":"Nike Essential Ball Pump"},"content":{"rendered":"","protected":false},"excerpt":{"rendered":"<p><strong>D\u00e9tails sur le produit : NKJ01027NS<\/strong><\/p>\n<p>Pompe \u00e0 ballon Nike Essential<\/p>\n<p>La pompe \u00e0 ballon Nike Essential est un excellent accessoire \u00e0 garder dans votre sac d&#8217;\u00e9quipement pour un gonflage rapide et facile du ballon de football !<\/p>\n","protected":false},"featured_media":448193,"template":"","meta":{"_et_pb_use_builder":"","_et_pb_old_content":"","_et_gb_content_width":""},"product_brand":[],"product_cat":[1051,1387],"product_tag":[],"class_list":{"0":"post-425684","1":"product","2":"type-product","3":"status-publish","4":"has-post-thumbnail","6":"product_cat-accessoires-divers","7":"product_cat-pompe-ballon","9":"first","10":"instock","11":"taxable","12":"shipping-taxable","13":"purchasable","14":"product-type-simple"},"tiered_pricing_type":"fixed","tiered_pricing_fixed_rules":[],"tiered_pricing_product_settings":{"layout":"default","base_unit_name":{"singular":null,"plural":null},"default_variation":null},"tiered_pricing_minimum_quantity":null,"tiered_pricing_roles_data":[],"tiered_pricing_percentage_rules":[],"_links":{"self":[{"href":"https:\/\/influencesport.ca\/en\/wp-json\/wp\/v2\/product\/425684","targetHints":{"allow":["GET"]}}],"collection":[{"href":"https:\/\/influencesport.ca\/en\/wp-json\/wp\/v2\/product"}],"about":[{"href":"https:\/\/influencesport.ca\/en\/wp-json\/wp\/v2\/types\/product"}],"wp:featuredmedia":[{"embeddable":true,"href":"https:\/\/influencesport.ca\/en\/wp-json\/wp\/v2\/media\/448193"}],"wp:attachment":[{"href":"https:\/\/influencesport.ca\/en\/wp-json\/wp\/v2\/media?parent=425684"}],"wp:term":[{"taxonomy":"product_brand","embeddable":true,"href":"https:\/\/influencesport.ca\/en\/wp-json\/wp\/v2\/product_brand?post=425684"},{"taxonomy":"product_cat","embeddable":true,"href":"https:\/\/influencesport.ca\/en\/wp-json\/wp\/v2\/product_cat?post=425684"},{"taxonomy":"product_tag","embeddable":true,"href":"https:\/\/influencesport.ca\/en\/wp-json\/wp\/v2\/product_tag?post=425684"}],"curies":[{"name":"wp","href":"https:\/\/api.w.org\/{rel}","templated":true}]}}