{"id":423885,"date":"2022-11-03T22:01:59","date_gmt":"2022-11-04T02:01:59","guid":{"rendered":"https:\/\/influencesport.ca\/?post_type=product&#038;p=423885"},"modified":"2025-10-25T19:03:59","modified_gmt":"2025-10-25T23:03:59","slug":"adidas-adilette-clog-rouge","status":"publish","type":"product","link":"https:\/\/influencesport.ca\/en\/produit\/adidas-adilette-clog-rouge\/","title":{"rendered":"Adidas Adilette Clog R"},"content":{"rendered":"","protected":false},"excerpt":{"rendered":"<h5 class=\"subtitle___9ljbp\"><strong>D\u00e9tails sur le produit : GZ5887<\/strong><\/h5>\n<h5 class=\"subtitle___9ljbp\">UN SABOT CASUAL POUR DU CONFORT AU QUOTIDIEN.<\/h5>\n<p class=\"gl-vspace\">Inspir\u00e9 de l&#8217;iconique sandale adidas, ce sabot est aussi fonctionnel que confortable. Que tu te rendes \u00e0 la salle de sport ou \u00e0 la piscine pour t&#8217;entra\u00eener t\u00f4t le matin, ou que tu optes simplement pour un look d\u00e9contract\u00e9, profite du confort de son assise plantaire ergonomique.<\/p>\n","protected":false},"featured_media":561323,"template":"","meta":{"_et_pb_use_builder":"","_et_pb_old_content":"","_et_gb_content_width":""},"product_brand":[],"product_cat":[1365,16],"product_tag":[],"class_list":{"0":"post-423885","1":"product","2":"type-product","3":"status-publish","4":"has-post-thumbnail","6":"product_cat-sandales","7":"product_cat-souliers-soccer","9":"first","10":"instock","11":"taxable","12":"shipping-taxable","13":"purchasable","14":"product-type-variable"},"tiered_pricing_type":"fixed","tiered_pricing_fixed_rules":[],"tiered_pricing_product_settings":{"layout":"default","base_unit_name":{"singular":null,"plural":null},"default_variation":null},"tiered_pricing_minimum_quantity":null,"tiered_pricing_roles_data":[],"tiered_pricing_percentage_rules":[],"_links":{"self":[{"href":"https:\/\/influencesport.ca\/en\/wp-json\/wp\/v2\/product\/423885","targetHints":{"allow":["GET"]}}],"collection":[{"href":"https:\/\/influencesport.ca\/en\/wp-json\/wp\/v2\/product"}],"about":[{"href":"https:\/\/influencesport.ca\/en\/wp-json\/wp\/v2\/types\/product"}],"wp:featuredmedia":[{"embeddable":true,"href":"https:\/\/influencesport.ca\/en\/wp-json\/wp\/v2\/media\/561323"}],"wp:attachment":[{"href":"https:\/\/influencesport.ca\/en\/wp-json\/wp\/v2\/media?parent=423885"}],"wp:term":[{"taxonomy":"product_brand","embeddable":true,"href":"https:\/\/influencesport.ca\/en\/wp-json\/wp\/v2\/product_brand?post=423885"},{"taxonomy":"product_cat","embeddable":true,"href":"https:\/\/influencesport.ca\/en\/wp-json\/wp\/v2\/product_cat?post=423885"},{"taxonomy":"product_tag","embeddable":true,"href":"https:\/\/influencesport.ca\/en\/wp-json\/wp\/v2\/product_tag?post=423885"}],"curies":[{"name":"wp","href":"https:\/\/api.w.org\/{rel}","templated":true}]}}