{"id":401604,"date":"2022-10-21T01:24:32","date_gmt":"2022-10-21T05:24:32","guid":{"rendered":"https:\/\/influencesport.ca\/?post_type=product&#038;p=401604"},"modified":"2025-08-08T14:44:39","modified_gmt":"2025-08-08T18:44:39","slug":"nike-streetgato","status":"publish","type":"product","link":"https:\/\/influencesport.ca\/en\/produit\/nike-streetgato\/","title":{"rendered":"Nike StreetGato"},"content":{"rendered":"","protected":false},"excerpt":{"rendered":"<p><strong>D\u00e9tails sur le produit : DC8466-081<\/strong><\/p>\n<p>TOUJOURS SUR LE JEU.<br \/>\nDominez les rues avec la Nike Streetgato. Ils m\u00e9langent des d\u00e9tails de performance avec une touche streetwear pour que vous puissiez \u00eatre pr\u00eat \u00e0 jouer \u00e0 tout moment.<br \/>\nSaisissez et partez<br \/>\nLa semelle ext\u00e9rieure redessin\u00e9e offre une traction continue pour les petits jeux.<br \/>\nPerformances streetwear<br \/>\nLe daim dans la tige offre un look de tous les jours, que vous jouiez dans la rue ou que vous gardiez les choses d\u00e9contract\u00e9es.<\/p>\n","protected":false},"featured_media":561154,"template":"","meta":{"_et_pb_use_builder":"","_et_pb_old_content":"","_et_gb_content_width":""},"product_brand":[],"product_cat":[16,37],"product_tag":[],"class_list":{"0":"post-401604","1":"product","2":"type-product","3":"status-publish","4":"has-post-thumbnail","6":"product_cat-souliers-soccer","7":"product_cat-futsal","9":"first","10":"outofstock","11":"taxable","12":"shipping-taxable","13":"product-type-variable"},"tiered_pricing_type":"fixed","tiered_pricing_fixed_rules":[],"tiered_pricing_product_settings":{"layout":"default","base_unit_name":{"singular":null,"plural":null},"default_variation":null},"tiered_pricing_minimum_quantity":null,"tiered_pricing_roles_data":[],"tiered_pricing_percentage_rules":[],"_links":{"self":[{"href":"https:\/\/influencesport.ca\/en\/wp-json\/wp\/v2\/product\/401604","targetHints":{"allow":["GET"]}}],"collection":[{"href":"https:\/\/influencesport.ca\/en\/wp-json\/wp\/v2\/product"}],"about":[{"href":"https:\/\/influencesport.ca\/en\/wp-json\/wp\/v2\/types\/product"}],"wp:featuredmedia":[{"embeddable":true,"href":"https:\/\/influencesport.ca\/en\/wp-json\/wp\/v2\/media\/561154"}],"wp:attachment":[{"href":"https:\/\/influencesport.ca\/en\/wp-json\/wp\/v2\/media?parent=401604"}],"wp:term":[{"taxonomy":"product_brand","embeddable":true,"href":"https:\/\/influencesport.ca\/en\/wp-json\/wp\/v2\/product_brand?post=401604"},{"taxonomy":"product_cat","embeddable":true,"href":"https:\/\/influencesport.ca\/en\/wp-json\/wp\/v2\/product_cat?post=401604"},{"taxonomy":"product_tag","embeddable":true,"href":"https:\/\/influencesport.ca\/en\/wp-json\/wp\/v2\/product_tag?post=401604"}],"curies":[{"name":"wp","href":"https:\/\/api.w.org\/{rel}","templated":true}]}}