{"id":382007,"date":"2022-08-24T21:43:39","date_gmt":"2022-08-25T01:43:39","guid":{"rendered":"https:\/\/influencesport.ca\/?post_type=product&#038;p=382007"},"modified":"2024-07-11T17:18:06","modified_gmt":"2024-07-11T21:18:06","slug":"adidas-x-speedportal-fg","status":"publish","type":"product","link":"https:\/\/influencesport.ca\/en\/produit\/adidas-x-speedportal-fg\/","title":{"rendered":"Adidas X Speedportal + FG"},"content":{"rendered":"","protected":false},"excerpt":{"rendered":"<h5 class=\"subtitle___24U_v\">UNE CHAUSSURE ADIDAS SANS LACETS OFFRANT UNE PROPULSION EXPLOSIVE, CON\u00c7UE EN PARTIE \u00c0 BASE DE MAT\u00c9RIAUX RECYCL\u00c9S.<\/h5>\n<p class=\"gl-vspace\">Les bons joueurs sont ma\u00eetres du temps et de l&#8217;espace. Les excellents joueurs d\u00e9fient les dimensions spatio-temporelles. Explore la vitesse multidimensionnelle avec la chaussure adidas X Speedportal. Styl\u00e9e et super confortable, cette chaussure de football favorise les r\u00e9actions instantan\u00e9es gr\u00e2ce \u00e0 une plaque de carbone Carbitex dynamique sur toute la longueur de sa semelle ext\u00e9rieure optimis\u00e9e pour terrain souple. Dot\u00e9e d&#8217;une tige adidas PRIMEKNIT sans lacets ajust\u00e9e, elle pr\u00e9sente des inserts en EVA internes et un renfort de talon externe en carbone pour plus de l\u00e9g\u00e8ret\u00e9 et de stabilit\u00e9 lors des changements de direction rapides. La tige est confectionn\u00e9e en mat\u00e9riaux recycl\u00e9s \u00e0 hauteur de 50\u00a0% minimum. Ce produit ne constitue qu&#8217;une de nos solutions pour lutter contre les d\u00e9chets plastiques.<\/p>\n<div><\/div>\n<div class=\"gl-accordion__header-text\"><span class=\"gl-accordion__title\">D\u00e9tails<\/span><\/div>\n<div class=\"gl-accordion__header-icon\"><\/div>\n<div class=\"gl-accordion__content\">\n<div class=\"bullets___NV9iB\" data-auto-id=\"specifications-section\">\n<ul class=\"gl-list\">\n<li class=\"gl-vspace-bpall-small\">Chaussant standard.<\/li>\n<li class=\"gl-vspace-bpall-small\">Design sans lacets.<\/li>\n<li class=\"gl-vspace-bpall-small\">Tige Speedskin.<\/li>\n<li class=\"gl-vspace-bpall-small\">Syst\u00e8me de stabilit\u00e9 moul\u00e9 au m\u00e9dio-pied.<\/li>\n<li class=\"gl-vspace-bpall-small\">Renfort en carbone au talon.<\/li>\n<\/ul>\n<ul class=\"gl-list\">\n<li class=\"gl-vspace-bpall-small\">Semelle ext\u00e9rieure Speedframe l\u00e9g\u00e8re.<\/li>\n<li class=\"gl-vspace-bpall-small\">La tige contient 50\u00a0% minimum de mati\u00e8res recycl\u00e9es.<\/li>\n<li class=\"gl-vspace-bpall-small\">Couleur du produit : Solar Green \/ Core Black \/ Solar Yellow<\/li>\n<li class=\"gl-vspace-bpall-small\">Code du produit : GW8407<\/li>\n<\/ul>\n<\/div>\n<\/div>\n","protected":false},"featured_media":382063,"template":"","meta":{"_et_pb_use_builder":"","_et_pb_old_content":"","_et_gb_content_width":""},"product_brand":[],"product_cat":[36],"product_tag":[],"class_list":{"0":"post-382007","1":"product","2":"type-product","3":"status-publish","4":"has-post-thumbnail","6":"product_cat-crampons-adidas","8":"first","9":"outofstock","10":"taxable","11":"shipping-taxable","12":"product-type-variable"},"tiered_pricing_type":"fixed","tiered_pricing_fixed_rules":[],"tiered_pricing_product_settings":{"layout":"default","base_unit_name":{"singular":null,"plural":null},"default_variation":null},"tiered_pricing_minimum_quantity":null,"tiered_pricing_roles_data":[],"tiered_pricing_percentage_rules":[],"_links":{"self":[{"href":"https:\/\/influencesport.ca\/en\/wp-json\/wp\/v2\/product\/382007","targetHints":{"allow":["GET"]}}],"collection":[{"href":"https:\/\/influencesport.ca\/en\/wp-json\/wp\/v2\/product"}],"about":[{"href":"https:\/\/influencesport.ca\/en\/wp-json\/wp\/v2\/types\/product"}],"wp:featuredmedia":[{"embeddable":true,"href":"https:\/\/influencesport.ca\/en\/wp-json\/wp\/v2\/media\/382063"}],"wp:attachment":[{"href":"https:\/\/influencesport.ca\/en\/wp-json\/wp\/v2\/media?parent=382007"}],"wp:term":[{"taxonomy":"product_brand","embeddable":true,"href":"https:\/\/influencesport.ca\/en\/wp-json\/wp\/v2\/product_brand?post=382007"},{"taxonomy":"product_cat","embeddable":true,"href":"https:\/\/influencesport.ca\/en\/wp-json\/wp\/v2\/product_cat?post=382007"},{"taxonomy":"product_tag","embeddable":true,"href":"https:\/\/influencesport.ca\/en\/wp-json\/wp\/v2\/product_tag?post=382007"}],"curies":[{"name":"wp","href":"https:\/\/api.w.org\/{rel}","templated":true}]}}