{"id":373183,"date":"2022-07-24T01:23:36","date_gmt":"2022-07-24T05:23:36","guid":{"rendered":"https:\/\/influencesport.ca\/?post_type=product&#038;p=373183"},"modified":"2026-01-24T01:43:37","modified_gmt":"2026-01-24T06:43:37","slug":"short-puma-rouge-homme","status":"publish","type":"product","link":"https:\/\/influencesport.ca\/en\/produit\/short-puma-rouge-homme\/","title":{"rendered":"Short Puma Rouge Homme"},"content":{"rendered":"","protected":false},"excerpt":{"rendered":"<p><strong>Pr\u00e9parez votre \u00e9quipe pour atteindre le sommet. <\/strong><\/p>\n<p>Cette collection s&#8217;adresse \u00e0 ceux qui aiment autant la bataille que la victoire. Ne pensez pas que vous \u00eates le meilleur. Sois le meilleur. transfert de chaleur, placement de la jambe gauche tel que port\u00e9, taille \u00e9lastique avec cordon de serrage. Tissu \u00e0 cellules s\u00e8ches : les tissus \u00e9vacuent l&#8217;humidit\u00e9 de la peau pour vous aider \u00e0 rester au sec et \u00e0 l&#8217;aise.<\/p>\n","protected":false},"featured_media":494829,"template":"","meta":{"_et_pb_use_builder":"","_et_pb_old_content":"","_et_gb_content_width":""},"product_brand":[],"product_cat":[20],"product_tag":[],"class_list":{"0":"post-373183","1":"product","2":"type-product","3":"status-publish","4":"has-post-thumbnail","6":"product_cat-vetements","8":"first","9":"instock","10":"taxable","11":"shipping-taxable","12":"purchasable","13":"product-type-variable"},"tiered_pricing_type":"fixed","tiered_pricing_fixed_rules":[],"tiered_pricing_product_settings":{"layout":"default","base_unit_name":{"singular":null,"plural":null},"default_variation":null},"tiered_pricing_minimum_quantity":null,"tiered_pricing_roles_data":[],"tiered_pricing_percentage_rules":[],"_links":{"self":[{"href":"https:\/\/influencesport.ca\/en\/wp-json\/wp\/v2\/product\/373183","targetHints":{"allow":["GET"]}}],"collection":[{"href":"https:\/\/influencesport.ca\/en\/wp-json\/wp\/v2\/product"}],"about":[{"href":"https:\/\/influencesport.ca\/en\/wp-json\/wp\/v2\/types\/product"}],"wp:featuredmedia":[{"embeddable":true,"href":"https:\/\/influencesport.ca\/en\/wp-json\/wp\/v2\/media\/494829"}],"wp:attachment":[{"href":"https:\/\/influencesport.ca\/en\/wp-json\/wp\/v2\/media?parent=373183"}],"wp:term":[{"taxonomy":"product_brand","embeddable":true,"href":"https:\/\/influencesport.ca\/en\/wp-json\/wp\/v2\/product_brand?post=373183"},{"taxonomy":"product_cat","embeddable":true,"href":"https:\/\/influencesport.ca\/en\/wp-json\/wp\/v2\/product_cat?post=373183"},{"taxonomy":"product_tag","embeddable":true,"href":"https:\/\/influencesport.ca\/en\/wp-json\/wp\/v2\/product_tag?post=373183"}],"curies":[{"name":"wp","href":"https:\/\/api.w.org\/{rel}","templated":true}]}}