{"id":316104,"date":"2021-07-15T04:38:43","date_gmt":"2021-07-15T04:38:43","guid":{"rendered":"https:\/\/influencesport.ca\/?post_type=product&#038;p=316104"},"modified":"2026-02-19T19:55:44","modified_gmt":"2026-02-20T00:55:44","slug":"adidas-condivo-22-jersey-homme-3","status":"publish","type":"product","link":"https:\/\/influencesport.ca\/en\/produit\/adidas-condivo-22-jersey-homme-3\/","title":{"rendered":"Adidas Condivo 22 Jersey Homme"},"content":{"rendered":"","protected":false},"excerpt":{"rendered":"<p><strong>D\u00e9tails sur le produit : HA6285<\/strong><\/p>\n<p class=\"product-description\"><span><span class=\"ng-binding\">Cr\u00e9\u00e9 pour le football de haut niveau, ce maillot adidas Condivo 22 est synonyme de mouvement confortable. Ses empi\u00e8cements lat\u00e9raux en mesh a\u00e9r\u00e9 sont con\u00e7us et positionn\u00e9s pour les athl\u00e8tes. Travaillant dur pour \u00e9vacuer l&#8217;humidit\u00e9 de votre peau, la technologie AEROREADY vous permet d&#8217;\u00eatre toujours pr\u00eat \u00e0 en faire plus.<\/span><span class=\"ng-binding\">\u00a0Fabriqu\u00e9 \u00e0 partir de mat\u00e9riaux 100 % recycl\u00e9s, ce produit n&#8217;est qu&#8217;une de nos solutions pour aider \u00e0 mettre fin aux d\u00e9chets plastiques.<\/span><\/span><span class=\"ng-binding\"><br \/>\n<\/span><\/p>\n<ul>\n<li class=\"ng-binding1\"><span>Coupe ajust\u00e9e<\/span><\/li>\n<li class=\"ng-binding1\"><span>Col en V c\u00f4tel\u00e9<\/span><\/li>\n<li class=\"ng-binding1\"><span>Interlock 100 % polyester recycl\u00e9<\/span><\/li>\n<li class=\"ng-binding1\"><span>Inserts lat\u00e9raux : 100 % polyester recycl\u00e9 con\u00e7u<\/span><\/li>\n<li class=\"ng-binding1\"><span>AEROREADY absorbant l&#8217;humidit\u00e9<\/span><\/li>\n<\/ul>\n","protected":false},"featured_media":558499,"template":"","meta":{"_et_pb_use_builder":"","_et_pb_old_content":"","_et_gb_content_width":""},"product_brand":[],"product_cat":[20,1376],"product_tag":[],"class_list":{"0":"post-316104","1":"product","2":"type-product","3":"status-publish","4":"has-post-thumbnail","6":"product_cat-vetements","7":"product_cat-chandails-vetements","9":"first","10":"instock","11":"taxable","12":"shipping-taxable","13":"purchasable","14":"product-type-variable"},"tiered_pricing_type":"fixed","tiered_pricing_fixed_rules":[],"tiered_pricing_product_settings":{"layout":"default","base_unit_name":{"singular":null,"plural":null},"default_variation":null},"tiered_pricing_minimum_quantity":null,"tiered_pricing_roles_data":[],"tiered_pricing_percentage_rules":[],"_links":{"self":[{"href":"https:\/\/influencesport.ca\/en\/wp-json\/wp\/v2\/product\/316104","targetHints":{"allow":["GET"]}}],"collection":[{"href":"https:\/\/influencesport.ca\/en\/wp-json\/wp\/v2\/product"}],"about":[{"href":"https:\/\/influencesport.ca\/en\/wp-json\/wp\/v2\/types\/product"}],"wp:featuredmedia":[{"embeddable":true,"href":"https:\/\/influencesport.ca\/en\/wp-json\/wp\/v2\/media\/558499"}],"wp:attachment":[{"href":"https:\/\/influencesport.ca\/en\/wp-json\/wp\/v2\/media?parent=316104"}],"wp:term":[{"taxonomy":"product_brand","embeddable":true,"href":"https:\/\/influencesport.ca\/en\/wp-json\/wp\/v2\/product_brand?post=316104"},{"taxonomy":"product_cat","embeddable":true,"href":"https:\/\/influencesport.ca\/en\/wp-json\/wp\/v2\/product_cat?post=316104"},{"taxonomy":"product_tag","embeddable":true,"href":"https:\/\/influencesport.ca\/en\/wp-json\/wp\/v2\/product_tag?post=316104"}],"curies":[{"name":"wp","href":"https:\/\/api.w.org\/{rel}","templated":true}]}}