{"id":308876,"date":"2021-06-23T02:29:26","date_gmt":"2021-06-23T06:29:26","guid":{"rendered":"https:\/\/influencesport.ca\/?post_type=product&#038;p=308876"},"modified":"2025-11-28T10:23:08","modified_gmt":"2025-11-28T15:23:08","slug":"adidas-metro-vert","status":"publish","type":"product","link":"https:\/\/influencesport.ca\/en\/produit\/adidas-metro-vert\/","title":{"rendered":"Adidas Metro Vert"},"content":{"rendered":"","protected":false},"excerpt":{"rendered":"<p>Ces bas de soccer assurent un effet de compression pour un maximum de stabilit\u00e9 et de maintien \u00e0 chaque foul\u00e9e et changement de direction. L&#8217;amorti suppl\u00e9mentaire au niveau de l&#8217;avant-pied et des orteils r\u00e9duit les frottements \u00e0 ces endroits sensibles. Le tissu Climalite \u00e9vacue la transpiration pour garder vos pieds au sec.<\/p>\n<p>\u2022 Tissu Climalite qui \u00e9vacue la transpiration. Technologie FORMOTION\u00ae pour une totale libert\u00e9 de mouvements et un plus grand confort.<br \/>\n\u2022 Construction c\u00f4tel\u00e9e. Amorti anatomique au niveau de l&#8217;avant-pied et des orteils pour r\u00e9duire les frottements et les ampoules.<br \/>\n\u2022 Effet de compression pour la stabilit\u00e9 et le maintien. Tissu en micro nylon pour un ajustement parfait. Motif r\u00e9fl\u00e9chissant.<br \/>\n\u2022 Semelle ext\u00e9rieure TRAXION\u2122 au niveau du talon pour une accroche maximale.<br \/>\n\u2022 Chaussettes gauche et droite pour un meilleur ajustement.<br \/>\n\u2022 Nylon \/ \u00e9lasthanne.<\/p>\n","protected":false},"featured_media":485757,"template":"","meta":{"_et_pb_use_builder":"","_et_pb_old_content":"","_et_gb_content_width":""},"product_brand":[],"product_cat":[1049],"product_tag":[],"class_list":{"0":"post-308876","1":"product","2":"type-product","3":"status-publish","4":"has-post-thumbnail","6":"product_cat-bas-soccer","8":"first","9":"instock","10":"taxable","11":"shipping-taxable","12":"purchasable","13":"product-type-variable"},"tiered_pricing_type":"fixed","tiered_pricing_fixed_rules":[],"tiered_pricing_product_settings":{"layout":"default","base_unit_name":{"singular":null,"plural":null},"default_variation":null},"tiered_pricing_minimum_quantity":null,"tiered_pricing_roles_data":[],"tiered_pricing_percentage_rules":[],"_links":{"self":[{"href":"https:\/\/influencesport.ca\/en\/wp-json\/wp\/v2\/product\/308876","targetHints":{"allow":["GET"]}}],"collection":[{"href":"https:\/\/influencesport.ca\/en\/wp-json\/wp\/v2\/product"}],"about":[{"href":"https:\/\/influencesport.ca\/en\/wp-json\/wp\/v2\/types\/product"}],"wp:featuredmedia":[{"embeddable":true,"href":"https:\/\/influencesport.ca\/en\/wp-json\/wp\/v2\/media\/485757"}],"wp:attachment":[{"href":"https:\/\/influencesport.ca\/en\/wp-json\/wp\/v2\/media?parent=308876"}],"wp:term":[{"taxonomy":"product_brand","embeddable":true,"href":"https:\/\/influencesport.ca\/en\/wp-json\/wp\/v2\/product_brand?post=308876"},{"taxonomy":"product_cat","embeddable":true,"href":"https:\/\/influencesport.ca\/en\/wp-json\/wp\/v2\/product_cat?post=308876"},{"taxonomy":"product_tag","embeddable":true,"href":"https:\/\/influencesport.ca\/en\/wp-json\/wp\/v2\/product_tag?post=308876"}],"curies":[{"name":"wp","href":"https:\/\/api.w.org\/{rel}","templated":true}]}}