{"id":308854,"date":"2021-06-23T02:28:55","date_gmt":"2021-06-23T06:28:55","guid":{"rendered":"https:\/\/influencesport.ca\/?post_type=product&#038;p=308854"},"modified":"2026-03-21T15:30:55","modified_gmt":"2026-03-21T19:30:55","slug":"adidas-metro-blanc","status":"publish","type":"product","link":"https:\/\/influencesport.ca\/en\/produit\/adidas-metro-blanc\/","title":{"rendered":"Adidas Metro Blanc"},"content":{"rendered":"","protected":false},"excerpt":{"rendered":"<p><strong>CHAUSSETTES D&#8217;ENTRA\u00ceNEMENT ANTI-TRANSPIRATION AVEC AJUSTEMENT DE COMPRESSION DE SOUTIEN.<\/strong><\/p>\n<p>Ces chaussettes de football pour hommes sont dot\u00e9es d&#8217;une coupe de compression int\u00e9grale pour plus de stabilit\u00e9 et de soutien \u00e0 chaque fente et foul\u00e9e. Un amorti suppl\u00e9mentaire cible les orteils et l&#8217;avant-pied pour r\u00e9duire la friction dans ces points chauds. Le fil Climalite\u00ae qui \u00e9vacue l&#8217;humidit\u00e9 garde les pieds au sec et confortables.<\/p>\n","protected":false},"featured_media":485753,"template":"","meta":{"_et_pb_use_builder":"","_et_pb_old_content":"","_et_gb_content_width":""},"product_brand":[],"product_cat":[1049],"product_tag":[],"class_list":{"0":"post-308854","1":"product","2":"type-product","3":"status-publish","4":"has-post-thumbnail","6":"product_cat-bas-soccer","8":"first","9":"instock","10":"taxable","11":"shipping-taxable","12":"purchasable","13":"product-type-variable"},"tiered_pricing_type":"fixed","tiered_pricing_fixed_rules":[],"tiered_pricing_product_settings":{"layout":"default","base_unit_name":{"singular":null,"plural":null},"default_variation":null},"tiered_pricing_minimum_quantity":null,"tiered_pricing_roles_data":[],"tiered_pricing_percentage_rules":[],"_links":{"self":[{"href":"https:\/\/influencesport.ca\/en\/wp-json\/wp\/v2\/product\/308854","targetHints":{"allow":["GET"]}}],"collection":[{"href":"https:\/\/influencesport.ca\/en\/wp-json\/wp\/v2\/product"}],"about":[{"href":"https:\/\/influencesport.ca\/en\/wp-json\/wp\/v2\/types\/product"}],"wp:featuredmedia":[{"embeddable":true,"href":"https:\/\/influencesport.ca\/en\/wp-json\/wp\/v2\/media\/485753"}],"wp:attachment":[{"href":"https:\/\/influencesport.ca\/en\/wp-json\/wp\/v2\/media?parent=308854"}],"wp:term":[{"taxonomy":"product_brand","embeddable":true,"href":"https:\/\/influencesport.ca\/en\/wp-json\/wp\/v2\/product_brand?post=308854"},{"taxonomy":"product_cat","embeddable":true,"href":"https:\/\/influencesport.ca\/en\/wp-json\/wp\/v2\/product_cat?post=308854"},{"taxonomy":"product_tag","embeddable":true,"href":"https:\/\/influencesport.ca\/en\/wp-json\/wp\/v2\/product_tag?post=308854"}],"curies":[{"name":"wp","href":"https:\/\/api.w.org\/{rel}","templated":true}]}}