{"id":263008,"date":"2021-06-22T08:13:28","date_gmt":"2021-06-22T08:13:28","guid":{"rendered":"https:\/\/influencesport.ca\/?post_type=product&#038;p=263008"},"modified":"2023-01-09T18:57:56","modified_gmt":"2023-01-09T23:57:56","slug":"atc-molleton-50-50","status":"publish","type":"product","link":"https:\/\/influencesport.ca\/en\/produit\/atc-molleton-50-50\/","title":{"rendered":"ATC Molleton 50\/50"},"content":{"rendered":"","protected":false},"excerpt":{"rendered":"<p>1. Choisir les items, les grandeurs et la quantit\u00e9 que vous d\u00e9sirez.<br \/>\n2. Ajouter les items \u00e0 votre panier.<br \/>\n3. Lorsque vous avez termin\u00e9 votre magasinage, cliquez sur\u00a0<strong>Passer la commande<\/strong>.<br \/>\n4. S&#8217;il s&#8217;agit de votre premi\u00e8re commande, vous allez devoir remplir les champs obligatoires afin de cr\u00e9er votre compte en ligne.<br \/>\n5. La seule m\u00e9thode de livraison disponible est la livraison \u00e0 l&#8217;\u00e9cole (sans frais).<br \/>\n6.\u00a0Il est donc important de mettre le nom de l&#8217;\u00e9l\u00e8ve et son groupe dans les\u00a0<strong>Informations de la commande<\/strong>\u00a0(directives de livraison).<br \/>\n7. Vous pouvez payer par Paypal, Visa ou Mastercard.<br \/>\n8. Une fois le paiement s\u00e9curis\u00e9 effectu\u00e9 vous serez redirig\u00e9s vers notre site o\u00f9 vous aurez votre confirmation de commande.<\/p>\n<p>En tout temps, vous pouvez\u00a0nous rejoindre\u00a0si vous avez des questions.\u00a0\u00c0 noter que les v\u00eatements sont non \u00e9changeables et non remboursables, car il s&#8217;agit de v\u00eatements personnalis\u00e9s.<\/p>\n<p>Y = Enfant<br \/>\nRien = Homme\/Unisexe<\/p>\n<p><img \/><img \/><\/p>\n","protected":false},"featured_media":313186,"template":"","meta":{"_et_pb_use_builder":"","_et_pb_old_content":"","_et_gb_content_width":""},"product_brand":[],"product_cat":[15],"product_tag":[],"class_list":{"0":"post-263008","1":"product","2":"type-product","3":"status-publish","4":"has-post-thumbnail","6":"product_cat-non-classe","7":"product_shipping_class-ecole-organisation","9":"first","10":"instock","11":"taxable","12":"shipping-taxable","13":"purchasable","14":"product-type-variable"},"tiered_pricing_type":"fixed","tiered_pricing_fixed_rules":[],"tiered_pricing_product_settings":{"layout":"default","base_unit_name":{"singular":null,"plural":null},"default_variation":null},"tiered_pricing_minimum_quantity":null,"tiered_pricing_roles_data":[],"tiered_pricing_percentage_rules":[],"_links":{"self":[{"href":"https:\/\/influencesport.ca\/en\/wp-json\/wp\/v2\/product\/263008","targetHints":{"allow":["GET"]}}],"collection":[{"href":"https:\/\/influencesport.ca\/en\/wp-json\/wp\/v2\/product"}],"about":[{"href":"https:\/\/influencesport.ca\/en\/wp-json\/wp\/v2\/types\/product"}],"wp:featuredmedia":[{"embeddable":true,"href":"https:\/\/influencesport.ca\/en\/wp-json\/wp\/v2\/media\/313186"}],"wp:attachment":[{"href":"https:\/\/influencesport.ca\/en\/wp-json\/wp\/v2\/media?parent=263008"}],"wp:term":[{"taxonomy":"product_brand","embeddable":true,"href":"https:\/\/influencesport.ca\/en\/wp-json\/wp\/v2\/product_brand?post=263008"},{"taxonomy":"product_cat","embeddable":true,"href":"https:\/\/influencesport.ca\/en\/wp-json\/wp\/v2\/product_cat?post=263008"},{"taxonomy":"product_tag","embeddable":true,"href":"https:\/\/influencesport.ca\/en\/wp-json\/wp\/v2\/product_tag?post=263008"}],"curies":[{"name":"wp","href":"https:\/\/api.w.org\/{rel}","templated":true}]}}