{"id":243943,"date":"2021-06-21T16:47:31","date_gmt":"2021-06-21T20:47:31","guid":{"rendered":"https:\/\/influencesport.ca\/?post_type=product&#038;p=243943"},"modified":"2025-06-06T15:41:10","modified_gmt":"2025-06-06T19:41:10","slug":"kwikgoal-sac-a-ballon-24-x-36-vert","status":"publish","type":"product","link":"https:\/\/influencesport.ca\/en\/produit\/kwikgoal-sac-a-ballon-24-x-36-vert\/","title":{"rendered":"Kwikgoal Equipment bag 24&#215;36 vert"},"content":{"rendered":"","protected":false},"excerpt":{"rendered":"<p>Ce sac d&#8217;\u00e9quipement est fabriqu\u00e9 \u00e0 partir d&#8217;un mat\u00e9riau en nylon micro-maill\u00e9 serr\u00e9 et d&#8217;une fermeture \u00e0 cordon \u00e0 bascule pour aider \u00e0 s\u00e9curiser les ballons de football et autres pi\u00e8ces d&#8217;\u00e9quipement. Le sac d&#8217;\u00e9quipement KwikGoal 5B12 peut contenir jusqu&#8217;\u00e0 8 ballons de football et est disponible dans une vari\u00e9t\u00e9 de couleurs.<\/p>\n","protected":false},"featured_media":485529,"template":"","meta":{"_et_pb_use_builder":"","_et_pb_old_content":"","_et_gb_content_width":""},"product_brand":[],"product_cat":[1050],"product_tag":[],"class_list":{"0":"post-243943","1":"product","2":"type-product","3":"status-publish","4":"has-post-thumbnail","6":"product_cat-entraineurs","8":"first","9":"instock","10":"taxable","11":"shipping-taxable","12":"purchasable","13":"product-type-simple"},"tiered_pricing_type":"fixed","tiered_pricing_fixed_rules":[],"tiered_pricing_product_settings":{"layout":"default","base_unit_name":{"singular":null,"plural":null},"default_variation":null},"tiered_pricing_minimum_quantity":null,"tiered_pricing_roles_data":[],"tiered_pricing_percentage_rules":[],"_links":{"self":[{"href":"https:\/\/influencesport.ca\/en\/wp-json\/wp\/v2\/product\/243943","targetHints":{"allow":["GET"]}}],"collection":[{"href":"https:\/\/influencesport.ca\/en\/wp-json\/wp\/v2\/product"}],"about":[{"href":"https:\/\/influencesport.ca\/en\/wp-json\/wp\/v2\/types\/product"}],"wp:featuredmedia":[{"embeddable":true,"href":"https:\/\/influencesport.ca\/en\/wp-json\/wp\/v2\/media\/485529"}],"wp:attachment":[{"href":"https:\/\/influencesport.ca\/en\/wp-json\/wp\/v2\/media?parent=243943"}],"wp:term":[{"taxonomy":"product_brand","embeddable":true,"href":"https:\/\/influencesport.ca\/en\/wp-json\/wp\/v2\/product_brand?post=243943"},{"taxonomy":"product_cat","embeddable":true,"href":"https:\/\/influencesport.ca\/en\/wp-json\/wp\/v2\/product_cat?post=243943"},{"taxonomy":"product_tag","embeddable":true,"href":"https:\/\/influencesport.ca\/en\/wp-json\/wp\/v2\/product_tag?post=243943"}],"curies":[{"name":"wp","href":"https:\/\/api.w.org\/{rel}","templated":true}]}}