{"id":243032,"date":"2021-06-21T20:21:34","date_gmt":"2021-06-21T20:21:34","guid":{"rendered":"https:\/\/influencesport.ca\/?post_type=product&#038;p=243032"},"modified":"2026-01-23T12:03:09","modified_gmt":"2026-01-23T17:03:09","slug":"kwikgoal-echelle","status":"publish","type":"product","link":"https:\/\/influencesport.ca\/en\/produit\/kwikgoal-echelle\/","title":{"rendered":"Kwikgoal \u00c9chelle"},"content":{"rendered":"","protected":false},"excerpt":{"rendered":"<p>L&#8217;\u00c9chelle d&#8217;Agilit\u00e9 16A601 Kwik Goal est l&#8217;\u00e9l\u00e9ment d&#8217;\u00e9quipement de vitesse le plus de base utilis\u00e9 par les entra\u00eeneurs. L&#8217;\u00c9chelle d&#8217;Agilit\u00e9 permet une vari\u00e9t\u00e9 d&#8217;exercices &#8221;pieds-rapides&#8221; pour am\u00e9liorer la vitesse d&#8217;un joueur. L&#8217;\u00c9chelle d&#8217;Agilit\u00e9 peut \u00eatre facilement pli\u00e9e et stock\u00e9e dans le sac de transport inclus.<\/p>\n<p><strong>Fonctionnalit\u00e9s:<\/strong><br \/>\n20&#8217;L X 20&#8243;l<br \/>\n14 \u00e9chelons fixes<br \/>\n16.1\/2&#8243; entre les \u00e9chelons<br \/>\nFacilement transportable<br \/>\nHaute visibilit\u00e9<\/p>\n<p><strong>Inclus:<\/strong><br \/>\nSac de transport inclus<\/p>\n","protected":false},"featured_media":447098,"template":"","meta":{"_et_pb_use_builder":"","_et_pb_old_content":"","_et_gb_content_width":""},"product_brand":[],"product_cat":[1051,1050],"product_tag":[],"class_list":{"0":"post-243032","1":"product","2":"type-product","3":"status-publish","4":"has-post-thumbnail","6":"product_cat-accessoires-divers","7":"product_cat-entraineurs","9":"first","10":"instock","11":"taxable","12":"shipping-taxable","13":"purchasable","14":"product-type-simple"},"tiered_pricing_type":"fixed","tiered_pricing_fixed_rules":[],"tiered_pricing_product_settings":{"layout":"default","base_unit_name":{"singular":null,"plural":null},"default_variation":null},"tiered_pricing_minimum_quantity":null,"tiered_pricing_roles_data":[],"tiered_pricing_percentage_rules":[],"_links":{"self":[{"href":"https:\/\/influencesport.ca\/en\/wp-json\/wp\/v2\/product\/243032","targetHints":{"allow":["GET"]}}],"collection":[{"href":"https:\/\/influencesport.ca\/en\/wp-json\/wp\/v2\/product"}],"about":[{"href":"https:\/\/influencesport.ca\/en\/wp-json\/wp\/v2\/types\/product"}],"wp:featuredmedia":[{"embeddable":true,"href":"https:\/\/influencesport.ca\/en\/wp-json\/wp\/v2\/media\/447098"}],"wp:attachment":[{"href":"https:\/\/influencesport.ca\/en\/wp-json\/wp\/v2\/media?parent=243032"}],"wp:term":[{"taxonomy":"product_brand","embeddable":true,"href":"https:\/\/influencesport.ca\/en\/wp-json\/wp\/v2\/product_brand?post=243032"},{"taxonomy":"product_cat","embeddable":true,"href":"https:\/\/influencesport.ca\/en\/wp-json\/wp\/v2\/product_cat?post=243032"},{"taxonomy":"product_tag","embeddable":true,"href":"https:\/\/influencesport.ca\/en\/wp-json\/wp\/v2\/product_tag?post=243032"}],"curies":[{"name":"wp","href":"https:\/\/api.w.org\/{rel}","templated":true}]}}